{"id":4195,"date":"2025-04-24T15:38:44","date_gmt":"2025-04-24T12:38:44","guid":{"rendered":"https:\/\/www.allsbiocosmetics.com\/know-your-skin-type\/"},"modified":"2025-07-09T17:23:48","modified_gmt":"2025-07-09T14:23:48","slug":"know-your-skin-type","status":"publish","type":"page","link":"https:\/\/www.allsbiocosmetics.com\/en\/know-your-skin-type\/","title":{"rendered":"Know Your Skin Type"},"content":{"rendered":"\t\t<div data-elementor-type=\"wp-page\" data-elementor-id=\"4195\" class=\"elementor elementor-4195 elementor-2529\" data-elementor-post-type=\"page\">\n\t\t\t\t<div class=\"elementor-element elementor-element-929ab02 e-con-full e-flex e-con e-parent\" data-id=\"929ab02\" data-element_type=\"container\" data-settings=\"{&quot;background_background&quot;:&quot;classic&quot;}\">\n\t\t\t\t<div class=\"elementor-element elementor-element-1960944 elementor-widget elementor-widget-shortcode\" data-id=\"1960944\" data-element_type=\"widget\" data-widget_type=\"shortcode.default\">\n\t\t\t\t<div class=\"elementor-widget-container\">\n\t\t\t\t\t\t\t<div class=\"elementor-shortcode\">    <div id=\"cilt-tipi-testi\">\r\n        <!-- Ba\u015flang\u0131\u00e7 Ekran\u0131 -->\r\n        <div id=\"test-start\" style=\"text-align: center;\">\r\n            <h3 class=\"start-title\">Cilt Tipinizi \u00d6\u011frenin!<\/h3>\r\n            <p class=\"start-description\">\r\n                Cilt tipinizi \u00f6\u011frenerek do\u011fru \u00fcr\u00fcnlerle cildinize hak etti\u011fi bak\u0131m\u0131 yapabilirsiniz. <br>\r\n                \u015eimdi testi \u00e7\u00f6zerek cilt tipinizi ke\u015ffedin!\r\n            <\/p>\r\n            <button id=\"start-test\" class=\"ciltTipiBtn\">Teste Ba\u015fla<\/button>\r\n        <\/div>\r\n\r\n\r\n        <div id=\"error-message\" style=\"display:none; color: #d9534f; font-size: 16px; text-align: center; margin-bottom: 10px;\"><\/div>\r\n\r\n        <!-- \u0130lerleme \u00c7ubu\u011fu -->\r\n        <div id=\"progress-bar\" style=\"display:none;\">\r\n            <div class=\"progress-track\">\r\n                <div class=\"progress-bar-inner\"><\/div>\r\n            <\/div>\r\n        <\/div>\r\n        <!-- Sorular -->\r\n        <form id=\"cilt-tipi-form\" style=\"display:none;\">\r\n            <div class=\"step\" id=\"step-1\"><h4><strong>1.Soru: <\/strong> Cildinizin genel g\u00f6r\u00fcn\u00fcm\u00fc nas\u0131l?<\/h4><div class=\"answers\"><label class=\"answer-option\"><input type=\"radio\"  name=\"soru1\" value=\"1\" required> \u00c7ok kuru, pul pul d\u00f6k\u00fcl\u00fcyor.<\/label><label class=\"answer-option\"><input type=\"radio\"  name=\"soru1\" value=\"2\" required> Hafif kuru, gergin hissediliyor.<\/label><label class=\"answer-option\"><input type=\"radio\"  name=\"soru1\" value=\"3\" required> Dengeli ve sa\u011fl\u0131kl\u0131 bir g\u00f6r\u00fcn\u00fcm\u00fc var.<\/label><label class=\"answer-option\"><input type=\"radio\"  name=\"soru1\" value=\"4\" required> T b\u00f6lgesi hafif parlak ama genel olarak dengeli.<\/label><label class=\"answer-option\"><input type=\"radio\"  name=\"soru1\" value=\"5\" required> \u00c7ok parlak ve ya\u011fl\u0131 g\u00f6r\u00fcn\u00fcyor.<\/label><\/div><button type=\"button\" class=\"next-step\" data-next=\"2\" data-step=\"1\" data-total=\"5\">Bir Sonraki Soru<\/button><\/div><div class=\"step\" id=\"step-2\" style=\"display:none;\"><h4><strong>2.Soru: <\/strong> Cildinizin g\u00fcn boyunca hissi nas\u0131l de\u011fi\u015fiyor?<\/h4><div class=\"answers\"><label class=\"answer-option\"><input type=\"radio\"  name=\"soru2\" value=\"1\" required> S\u00fcrekli gergin ve rahats\u0131z hissediyorum.<\/label><label class=\"answer-option\"><input type=\"radio\"  name=\"soru2\" value=\"2\" required> Sabah normal, g\u00fcn i\u00e7inde hafif kuru hissediyorum.<\/label><label class=\"answer-option\"><input type=\"radio\"  name=\"soru2\" value=\"3\" required> G\u00fcn boyunca dengeli hissediyorum. <\/label><label class=\"answer-option\"><input type=\"radio\"  name=\"soru2\" value=\"4\" required> G\u00fcn sonunda T b\u00f6lgesinde hafif ya\u011flanma hissediyorum.<\/label><label class=\"answer-option\"><input type=\"radio\"  name=\"soru2\" value=\"5\" required> G\u00fcn boyunca ya\u011fl\u0131 hissediyorum.<\/label><\/div><button type=\"button\" class=\"next-step\" data-next=\"3\" data-step=\"2\" data-total=\"5\">Bir Sonraki Soru<\/button><\/div><div class=\"step\" id=\"step-3\" style=\"display:none;\"><h4><strong>3.Soru: <\/strong> Cildiniz d\u0131\u015f etkenlere nas\u0131l tepki veriyor?<\/h4><div class=\"answers\"><label class=\"answer-option\"><input type=\"radio\"  name=\"soru3\" value=\"1\" required> \u00c7ok hassas, hemen k\u0131zar\u0131yor veya tahri\u015f oluyor.<\/label><label class=\"answer-option\"><input type=\"radio\"  name=\"soru3\" value=\"2\" required> Hafif hassas, ara s\u0131ra tepki veriyor.<\/label><label class=\"answer-option\"><input type=\"radio\"  name=\"soru3\" value=\"3\" required> Pek hassas de\u011fil, normal tepki veriyor.<\/label><label class=\"answer-option\"><input type=\"radio\"  name=\"soru3\" value=\"4\" required> Neredeyse hi\u00e7 tepki vermiyor.<\/label><label class=\"answer-option\"><input type=\"radio\"  name=\"soru3\" value=\"5\" required> Hi\u00e7bir d\u0131\u015f etken etkilenmiyor gibi.<\/label><\/div><button type=\"button\" class=\"next-step\" data-next=\"4\" data-step=\"3\" data-total=\"5\">Bir Sonraki Soru<\/button><\/div><div class=\"step\" id=\"step-4\" style=\"display:none;\"><h4><strong>4.Soru: <\/strong> G\u00f6zeneklerinizin durumu nas\u0131l?<\/h4><div class=\"answers\"><label class=\"answer-option\"><input type=\"radio\"  name=\"soru4\" value=\"1\" required> \u00c7ok k\u00fc\u00e7\u00fck ve neredeyse g\u00f6r\u00fcnmez.<\/label><label class=\"answer-option\"><input type=\"radio\"  name=\"soru4\" value=\"2\" required> K\u00fc\u00e7\u00fck ama belli belirsiz g\u00f6r\u00fcn\u00fcyor.<\/label><label class=\"answer-option\"><input type=\"radio\"  name=\"soru4\" value=\"3\" required> Orta boyutlu ve dengeli g\u00f6r\u00fcn\u00fcyor.<\/label><label class=\"answer-option\"><input type=\"radio\"  name=\"soru4\" value=\"4\" required> Hafif geni\u015flemi\u015f T b\u00f6lgesinde belli oluyor.<\/label><label class=\"answer-option\"><input type=\"radio\"  name=\"soru4\" value=\"5\" required> B\u00fcy\u00fck ve belirgin g\u00f6r\u00fcn\u00fcyor.<\/label><\/div><button type=\"button\" class=\"next-step\" data-next=\"5\" data-step=\"4\" data-total=\"5\">Bir Sonraki Soru<\/button><\/div><div class=\"step\" id=\"step-5\" style=\"display:none;\"><h4><strong>5.Soru: <\/strong> Sabah uyand\u0131\u011f\u0131n\u0131zda cildiniz nas\u0131l hissediliyor?<\/h4><div class=\"answers\"><label class=\"answer-option\"><input type=\"radio\"  name=\"soru5\" value=\"1\" required> \u00c7ok kuru, hemen nemlendirici s\u00fcrme ihtiyac\u0131 duyuyorum.<\/label><label class=\"answer-option\"><input type=\"radio\"  name=\"soru5\" value=\"2\" required> Hafif kuru, biraz nemlendirme yeterli oluyor.<\/label><label class=\"answer-option\"><input type=\"radio\"  name=\"soru5\" value=\"3\" required> Normal, ne \u00e7ok kuru ne de \u00e7ok ya\u011fl\u0131.<\/label><label class=\"answer-option\"><input type=\"radio\"  name=\"soru5\" value=\"4\" required> Hafif ya\u011fl\u0131, \u00f6zellikle T b\u00f6lgesi parlak oluyor.<\/label><label class=\"answer-option\"><input type=\"radio\"  name=\"soru5\" value=\"5\" required> \u00c7ok ya\u011fl\u0131, t\u00fcm y\u00fcz\u00fcm parlak g\u00f6r\u00fcn\u00fcyor.<\/label><\/div><button type=\"button\" class=\"next-step\" data-next=\"6\" data-step=\"5\" data-total=\"5\">Sonucu G\u00f6ster<\/button><\/div>        <\/form>\r\n\r\n        <!-- Sonu\u00e7 -->\r\n        <!-- Sonu\u00e7 -->\r\n        <div id=\"cilt-tipi-sonuc\" style=\"display:none; text-align: center;\">\r\n            <h4 class=\"result-title\">Cilt Tipiniz:<\/h4>\r\n            <p id=\"cilt-tipi-adi\" class=\"result-text\"><\/p>\r\n            <button id=\"cilt-tipi-link\" class=\"ciltTipiBtn\" style=\"margin-top: 10px;\"><\/button>\r\n            <button id=\"restart-test\" class=\"result-link\" style=\"margin-top: 10px; font-size: 16px;\">Testi Tekrarla<\/button>\r\n        <\/div>\r\n\r\n    <\/div>\r\n\r\n\r\n\r\n<\/div>\n\t\t\t\t\t\t<\/div>\n\t\t\t\t<\/div>\n\t\t\t\t<\/div>\n\t\t\t\t<\/div>\n\t\t","protected":false},"excerpt":{"rendered":"","protected":false},"author":1,"featured_media":0,"parent":0,"menu_order":0,"comment_status":"closed","ping_status":"closed","template":"","meta":{"footnotes":""},"class_list":["post-4195","page","type-page","status-publish","hentry"],"_links":{"self":[{"href":"https:\/\/www.allsbiocosmetics.com\/en\/wp-json\/wp\/v2\/pages\/4195","targetHints":{"allow":["GET"]}}],"collection":[{"href":"https:\/\/www.allsbiocosmetics.com\/en\/wp-json\/wp\/v2\/pages"}],"about":[{"href":"https:\/\/www.allsbiocosmetics.com\/en\/wp-json\/wp\/v2\/types\/page"}],"author":[{"embeddable":true,"href":"https:\/\/www.allsbiocosmetics.com\/en\/wp-json\/wp\/v2\/users\/1"}],"replies":[{"embeddable":true,"href":"https:\/\/www.allsbiocosmetics.com\/en\/wp-json\/wp\/v2\/comments?post=4195"}],"version-history":[{"count":0,"href":"https:\/\/www.allsbiocosmetics.com\/en\/wp-json\/wp\/v2\/pages\/4195\/revisions"}],"wp:attachment":[{"href":"https:\/\/www.allsbiocosmetics.com\/en\/wp-json\/wp\/v2\/media?parent=4195"}],"curies":[{"name":"wp","href":"https:\/\/api.w.org\/{rel}","templated":true}]}}