{"id":4140,"date":"2025-06-17T15:09:28","date_gmt":"2025-06-17T12:09:28","guid":{"rendered":"https:\/\/www.allsbiocosmetics.com\/organic-stretch-marks-gel\/"},"modified":"2026-01-15T11:53:20","modified_gmt":"2026-01-15T08:53:20","slug":"organic-stretch-marks-gel","status":"publish","type":"product","link":"https:\/\/www.allsbiocosmetics.com\/en\/organic-stretch-marks-gel\/","title":{"rendered":"Organic Stretch Marks Gel 200 ml"},"content":{"rendered":"<style>\n  .col-five {\n    flex-basis: 20%;\n    max-width: 20%;\n    padding-left: 8px;\n    padding-right: 8px;\n  }\n<\/style>\n<div class=\"row col-12 p-1 text-center mx-auto border-round bg-light\" title=\"bg-light\">\n<div class=\"col-12 col-md-6 my-1 my-md-auto\">\n<div class=\"position-absolute text-left text-md-center \" style=\"top: 30px; left: 30px;\">\n      <img decoding=\"async\" src=\"https:\/\/www.allsbiocosmetics.com\/wp-content\/uploads\/2025\/09\/etko.png\" alt=\"Logo\" class=\"w-50 w-md-75\" \/>\n    <\/div>\n<div class=\"row m-auto justify-content-center position-relative\">\n<div class=\"col-12\">\n        <img decoding=\"async\" src=\"https:\/\/www.allsbiocosmetics.com\/wp-content\/uploads\/2025\/09\/all-logo.png\" alt=\"\" class=\"my-1 text-center\" \/>\n      <\/div>\n<div class=\"col-12 px-1\">\n<h2 class=\"fw-bold fs-1\" style=\"color: #cc5ca9;\">Organik Anti Stretch Mark <br \/>\u00c7atlak \u00d6nlemeye <br \/>Yard\u0131mc\u0131 Jel <\/h2>\n<p class=\"fs-5 mt-1 mb-0 fw-lighter\">\u00c7atlak olu\u015fumunu azaltmaya, cildin esnekli\u011fini <br \/>ve nem dengesini korumaya yard\u0131mc\u0131 jel <\/p>\n<\/p><\/div>\n<div class=\"row px-1 px-lg-2 mx-auto justify-content-center align-items-center mt-md-1\">\n<div class=\"col-five\">\n          <img decoding=\"async\" src=\"https:\/\/www.allsbiocosmetics.com\/wp-content\/uploads\/2026\/01\/Atkuyrugu-Ekstresi.png\" alt=\"\" class=\"my-1\" \/>\n        <\/div>\n<div class=\"col-five\">\n          <img decoding=\"async\" src=\"https:\/\/www.allsbiocosmetics.com\/wp-content\/uploads\/2026\/01\/sogan-ekstresi.png\" alt=\"\" class=\"my-1\" \/>\n        <\/div>\n<div class=\"col-five\">\n          <img decoding=\"async\" src=\"https:\/\/www.allsbiocosmetics.com\/wp-content\/uploads\/2026\/01\/Aslanpencesi-Ekstresi.png\" alt=\"\" class=\"my-1\" \/>\n        <\/div>\n<div class=\"col-five\">\n          <img decoding=\"async\" src=\"https:\/\/www.allsbiocosmetics.com\/wp-content\/uploads\/2026\/01\/Centella-Ekstresi.png\" alt=\"\" class=\"my-1\" \/>\n        <\/div>\n<div class=\"col-five\">\n          <img decoding=\"async\" src=\"https:\/\/www.allsbiocosmetics.com\/wp-content\/uploads\/2026\/01\/Duvar-Sarmasigi-2-1.png\" alt=\"\" class=\"my-1\" \/>\n        <\/div>\n<\/p><\/div>\n<\/p><\/div>\n<\/p><\/div>\n<div class=\"col-12 col-md-6 my-1 my-md-auto\">\n    <img decoding=\"async\" src=\"https:\/\/www.allsbiocosmetics.com\/wp-content\/uploads\/2026\/01\/8684215390204-img-top.png\" alt=\"\" \/>\n  <\/div>\n<\/div>\n<div class=\"row mx-auto px-3 py-1 border-round justify-content-center align-items-center my-2\" style=\"background-color: #406716;\">\n<div class=\"col-3 text-center my-1\">\n    <img decoding=\"async\" src=\"https:\/\/www.allsbiocosmetics.com\/wp-content\/uploads\/2025\/09\/temiz-icerik.png\" alt=\"\" \/>\n  <\/div>\n<div class=\"col-3 text-center my-1\">\n    <img decoding=\"async\" src=\"https:\/\/www.allsbiocosmetics.com\/wp-content\/uploads\/2025\/09\/surdurulebilir-yasam.png\" alt=\"\" \/>\n  <\/div>\n<div class=\"col-3 text-center my-1\">\n    <img decoding=\"async\" src=\"https:\/\/www.allsbiocosmetics.com\/wp-content\/uploads\/2025\/09\/etko-sertifika-c.png\" alt=\"\" \/>\n  <\/div>\n<div class=\"col-3 text-center my-1\">\n    <img decoding=\"async\" src=\"https:\/\/www.allsbiocosmetics.com\/wp-content\/uploads\/2025\/09\/dogal-icerik.png\" alt=\"\" \/>\n  <\/div>\n<\/div>\n<div class=\"row justify-content-center col-12 p-1 mx-auto border-round my-1 \" style=\"background-color: #f8e2f1;\">\n<div class=\"row col-12 col-md-6 order-2 order-md-1\">\n<div class=\"col-6 mt-auto py-1 text-center\">\n      <img decoding=\"async\" src=\"https:\/\/www.allsbiocosmetics.com\/wp-content\/uploads\/2026\/01\/Aslanpencesi-Ekstresi-Buyuk.png\" alt=\"\" \/><\/p>\n<h3 class=\"col-12 fs-4 mt-1\" style=\"color: #cc5ca9;\">Aslanpen\u00e7esi Ekstresi<\/h3>\n<\/p><\/div>\n<div class=\"col-6 mt-auto py-1 text-center\">\n      <img decoding=\"async\" src=\"https:\/\/www.allsbiocosmetics.com\/wp-content\/uploads\/2026\/01\/Centella-Ekstresi-Buyuk.png\" alt=\"\" \/><\/p>\n<h2 class=\"col-12 fs-4 mt-1\" style=\"color: #cc5ca9;\">Centella Ekstresi<\/h2>\n<\/p><\/div>\n<div class=\"col-6 mt-auto py-1 text-center\">\n      <img decoding=\"async\" src=\"https:\/\/www.allsbiocosmetics.com\/wp-content\/uploads\/2026\/01\/Atkuyrugu-Ekstresi-Buyuk.png\" alt=\"\" \/><\/p>\n<h2 class=\"col-12 fs-4 mt-1\" style=\"color: #cc5ca9;\">Atkuyru\u011fu Ekstresi<\/h2>\n<\/p><\/div>\n<div class=\"col-6 mt-auto py-1 text-center\">\n      <img decoding=\"async\" src=\"https:\/\/www.allsbiocosmetics.com\/wp-content\/uploads\/2026\/01\/duvar-sarmasigi-2.png\" alt=\"\" \/><\/p>\n<h2 class=\"col-12 fs-4 mt-1\" style=\"color: #cc5ca9;\">Duvar Sarma\u015f\u0131\u011f\u0131<\/h2>\n<\/p><\/div>\n<\/p><\/div>\n<div class=\"col-12 col-md-6 my-auto order-1 order-md-2\">\n<div class=\"col-12 my-1\">\n      <img decoding=\"async\" src=\"https:\/\/www.allsbiocosmetics.com\/wp-content\/uploads\/2025\/09\/alls-txt.png\" alt=\"\" \/>\n    <\/div>\n<div class=\"col-12\">\n<h3 class=\"fw-bold fs-2 my-1\" style=\"color: #cc5ca9;\">Organik Anti Stretch Mark <br \/>\u00c7atlak \u00d6nlemeye Yard\u0131mc\u0131 Jel <\/h3>\n<p class=\"my-1 fs-4\">\u00c7atlak Olu\u015fumuna Kar\u015f\u0131 Organik G\u00fc\u00e7! Cildin elastikiyetini art\u0131rarak \u00e7atlak g\u00f6r\u00fcn\u00fcm\u00fc olu\u015fumuna kar\u015f\u0131 bak\u0131m yapmaya yard\u0131mc\u0131 olur. Organik form\u00fcl\u00fcyle cilde nazik\u00e7e etki ederken derinlemesine nemlendirme sa\u011flar. Atkuyru\u011fu, aslanpen\u00e7esi, duvar sarma\u015f\u0131\u011f\u0131, so\u011fan ve gotu kola (cica) ekstreleriyle zenginle\u015ftirilmi\u015f yap\u0131s\u0131, cilt bariyerini g\u00fc\u00e7lendirir ve p\u00fcr\u00fczs\u00fcz bir g\u00f6r\u00fcn\u00fcm olu\u015fmas\u0131na destek olur. Aloe vera i\u00e7eri\u011fiyle ferahlat\u0131c\u0131 bir his sunar. Ya\u011fs\u0131z, hafif dokusu sayesinde kolayca emilir ve ciltte yap\u0131\u015fkanl\u0131k hissi b\u0131rakmaz. %30,23 organik, %99,89 do\u011fal k\u00f6kenli bile\u015fenlerle form\u00fcle edilmi\u015ftir ve ETKO Cosmos Organic sertifikas\u0131na sahiptir. D\u00fczenli kullan\u0131mda cildin daha yumu\u015fak, esnek ve parlak bir g\u00f6r\u00fcn\u00fcme kavu\u015fmas\u0131na yard\u0131mc\u0131 olur. G\u00fcnl\u00fck kullan\u0131ma uygundur<\/p>\n<\/p><\/div>\n<\/p><\/div>\n<\/div>\n<div class=\"p-1 my-2 bg-light\" title=\"bg-light\">\n<div class=\"row mx-auto justify-content-center align-items-center col-12 my-1\">\n<div class=\"col-12 col-md-6 text-center h-100 px-0 px-md-1 border-round\">\n      <img decoding=\"async\" src=\"https:\/\/www.allsbiocosmetics.com\/wp-content\/uploads\/2026\/01\/8684215390204-img-bot.png\" alt=\"\" class=\"border-round my-1\" \/>\n    <\/div>\n<div class=\"col-12 col-md-6 px-0 px-md-1\">\n<div class=\"col-12 p-1 border-round my-1 bg-gray\" title=\"bg-gray\">\n<div class=\"d-flex align-items-center my-1\">\n          <img decoding=\"async\" src=\"https:\/\/www.allsbiocosmetics.com\/wp-content\/uploads\/2025\/09\/8684215390037-icon-kare-full-siyah.png\" alt=\"D\u00f6k\u00fclme Kar\u015f\u0131t\u0131\" class=\"px-1\" \/><br \/>\n          <span class=\"px-1 px-md-0 fw-bold fs-4 ms-2\">\u00c7atlak Olu\u015fumuna Kar\u015f\u0131 Destekleyici Bak\u0131m<\/span>\n        <\/div>\n<p class=\"col-12 my-1 fs-5\">Bitkisel ekstrelerle zenginle\u015ftirilmi\u015f form\u00fcl\u00fc, cilt elastikiyetini art\u0131rarak \u00e7atlak olu\u015fumuna kar\u015f\u0131 koruyucu bak\u0131m sa\u011flar.<\/p>\n<\/p><\/div>\n<div class=\"col-12 p-1 border-round my-1 bg-gray\" title=\"bg-gray\">\n<div class=\"d-flex align-items-center my-1\">\n          <img decoding=\"async\" src=\"https:\/\/www.allsbiocosmetics.com\/wp-content\/uploads\/2025\/09\/8684215390037-icon-kare-full-siyah.png\" alt=\"Nazik Temizlik\" class=\"px-1\" \/><br \/>\n          <span class=\"px-1 px-md-0 fw-bold fs-4 ms-2\">Cilt Elastikiyetini Art\u0131ran Etki<\/span>\n        <\/div>\n<p class=\"col-12 my-1 fs-5\">Atkuyru\u011fu, aslanpen\u00e7esi, duvar sarma\u015f\u0131\u011f\u0131, so\u011fan ve gotu kola (cica) ekstreleri sayesinde cildin esnekli\u011fini korumaya ve p\u00fcr\u00fczs\u00fcz bir g\u00f6r\u00fcn\u00fcm kazand\u0131rmaya yard\u0131mc\u0131 olur.<\/p>\n<\/p><\/div>\n<div class=\"col-12 p-1 border-round my-1 bg-gray\" title=\"bg-gray\">\n<div class=\"d-flex align-items-center my-1\">\n          <img decoding=\"async\" src=\"https:\/\/www.allsbiocosmetics.com\/wp-content\/uploads\/2025\/09\/8684215390037-icon-kare-full-siyah.png\" alt=\"Sa\u00e7 G\u00fc\u00e7lendirme\" class=\"px-1\" \/><br \/>\n          <span class=\"px-1 px-md-0 fw-bold fs-4 ms-2\">Organik \u0130\u00e7erikli P\u00fcr\u00fczs\u00fczle\u015ftirici Form\u00fcl<\/span>\n        <\/div>\n<p class=\"col-12 my-1 fs-5\">%30,23 organik, %99,89 do\u011fal k\u00f6kenli bile\u015fenlerle haz\u0131rlanan form\u00fcl\u00fc sayesinde cilt bariyerini g\u00fc\u00e7lendirir, yumu\u015fak ve canl\u0131 bir g\u00f6r\u00fcn\u00fcm elde etmenizi sa\u011flar.<\/p>\n<\/p><\/div>\n<\/p><\/div>\n<\/p><\/div>\n<\/div>\n<div class=\"col-12 text-center my-1\">\n<div style=\"overflow-x: auto;\">\n<table class=\"mx-auto w-100 fs-5\">\n<tbody>\n<tr style=\"text-align: center;\">\n<td><\/td>\n<td width=\"20%\">\n            <a href=\"https:\/\/www.allsbiocosmetics.com\/en\/organic-stretch-marks-oil-150-ml\/\" target=\"_blank\" rel=\"noopener noreferrer\"><br \/>\n              <img decoding=\"async\" src=\"https:\/\/www.allsbiocosmetics.com\/wp-content\/uploads\/2025\/06\/catlak-yag-yeni.png\" alt=\"\" class=\"my-1\" \/><br \/>\n            <\/a>\n          <\/td>\n<td width=\"20%\">\n            <a href=\"https:\/\/www.allsbiocosmetics.com\/en\/organic-orange-baby-shampoo-350-ml\/\" target=\"_blank\" rel=\"noopener noreferrer\"><br \/>\n              <img decoding=\"async\" src=\"https:\/\/www.allsbiocosmetics.com\/wp-content\/uploads\/2025\/06\/portakalli-bebek-sampuan.png\" alt=\"\" class=\"my-1\" \/><br \/>\n            <\/a>\n          <\/td>\n<td width=\"20%\">\n            <a href=\"https:\/\/www.allsbiocosmetics.com\/en\/organic-baby-oil-150-ml\/\" target=\"_blank\" rel=\"noopener noreferrer\"><br \/>\n              <img decoding=\"async\" src=\"https:\/\/www.allsbiocosmetics.com\/wp-content\/uploads\/2025\/06\/bebek-yagi-1.png\" alt=\"\" class=\"my-1\" \/><br \/>\n            <\/a>\n          <\/td>\n<td width=\"20%\">\n            <a href=\"https:\/\/www.allsbiocosmetics.com\/en\/organic-baby-shampoo-lavender-350-ml\/\" target=\"_blank\" rel=\"noopener noreferrer\"><br \/>\n              <img decoding=\"async\" src=\"https:\/\/www.allsbiocosmetics.com\/wp-content\/uploads\/2025\/06\/lavanta-bebek-sampuan-yeni.png\" alt=\"\" class=\"my-1\" \/><br \/>\n            <\/a>\n          <\/td>\n<\/tr>\n<tr class=\"text-center\">\n<td><\/td>\n<td class=\"p-1 border-left\">\n            <a href=\"https:\/\/www.allsbiocosmetics.com\/en\/organic-stretch-marks-oil-150-ml\/\"><br \/>\n              <strong>Alls Biocosmetics Organik \u00c7atlak \u00d6nlemeye Yard\u0131mc\u0131 Ya\u011f 150 ml<\/strong><br \/>\n            <\/a>\n          <\/td>\n<td class=\"p-1 border-left\">\n            <a href=\"https:\/\/www.allsbiocosmetics.com\/en\/organic-orange-baby-shampoo-350-ml\/\"><br \/>\n              <strong>Alls Biocosmetics Organik Portakall\u0131 Bebek \u015eampuan\u0131 350 ml<\/strong><br \/>\n            <\/a>\n          <\/td>\n<td class=\"p-1 border-left\">\n            <a href=\"https:\/\/www.allsbiocosmetics.com\/en\/organic-baby-oil-150-ml\/\"><br \/>\n              <strong>Alls Biocosmetics Organik Bebek Ya\u011f\u0131 150 ml<\/strong><br \/>\n            <\/a>\n          <\/td>\n<td class=\"p-1 border-left border-right\">\n            <a href=\"https:\/\/www.allsbiocosmetics.com\/en\/organic-baby-shampoo-lavender-350-ml\/\"><br \/>\n              <strong>Alls Biocosmetics Organik Lavantal\u0131 Bebek \u015eampuan\u0131 350 ml<\/strong><br \/>\n            <\/a>\n          <\/td>\n<\/tr>\n<tr class=\"text-center\">\n<td class=\"p-1 border fw-bold\">Kullan\u0131m<\/td>\n<td class=\"p-1 border\"><em>V\u00fccut<\/em><\/td>\n<td class=\"p-1 border\"><em>Sa\u00e7 ve v\u00fccut<\/em><\/td>\n<td class=\"p-1 border\"><em>V\u00fccut<\/em><\/td>\n<td class=\"p-1 border\"><em>Sa\u00e7 ve v\u00fccut<\/em><\/td>\n<\/tr>\n<tr class=\"text-center bg-gray\" title=\"bg-gray\">\n<td class=\"p-1 border fw-bold\"><strong>Ana Fayda<\/strong><\/td>\n<td class=\"p-1 border\">Cilt elastikiyetini artt\u0131rmaya yard\u0131mc\u0131d\u0131r.<\/td>\n<td class=\"p-1 border\">Bebeklerin sa\u00e7\u0131n\u0131 ve v\u00fccudunu nazik\u00e7e temizler.<\/td>\n<td class=\"p-1 border\">Bebeklerin cildini beslemeye ve nemlendirmeye yard\u0131mc\u0131 olur.<\/td>\n<td class=\"p-1 border\">Bebeklerin sa\u00e7\u0131n\u0131 ve v\u00fccudunu nazik\u00e7e temizler.<\/td>\n<\/tr>\n<tr class=\"text-center\">\n<td class=\"p-1 border fw-bold\"><strong>\u00dcr\u00fcn \u0130\u00e7eri\u011fi<\/strong><\/td>\n<td class=\"p-1 border\">E Vitamini, Jojoba Ya\u011f\u0131, Lavanta &amp; It\u0131r \u00c7i\u00e7e\u011fi Ya\u011f\u0131, Avokado Ya\u011f\u0131 Kay\u0131s\u0131 \u00c7ekirde\u011fi Ya\u011f\u0131, Zeytinya\u011f\u0131<\/td>\n<td class=\"p-1 border\">Aloe Vera, Portakal Ya\u011f\u0131, Ayn\u0131sefa Ekstresi, \u0130nulin Badem Ya\u011f\u0131, E Vitamini<\/td>\n<td class=\"p-1 border\">Tatl\u0131 Badem Ya\u011f\u0131, Avokado Ya\u011f\u0131 Lavanta Ya\u011f\u0131, Kay\u0131s\u0131 \u00c7ekirde\u011fi Ya\u011f\u0131, E Vitamini, Ayn\u0131sefa Ya\u011f\u0131<\/td>\n<td class=\"p-1 border\">Aloe Vera, Lavanta Ya\u011f\u0131, Ayn\u0131sefa Ekstresi, \u0130nulin, Badem Ya\u011f\u0131, E Vitamini<\/td>\n<\/tr>\n<tr class=\"text-center\">\n<td class=\"p-1 border fw-bold\"><strong>Uygun Cilt<\/strong><\/td>\n<td class=\"p-1 border\">Hassas ciltler dahil t\u00fcm tipleri<\/td>\n<td class=\"p-1 border\">Hassas ciltler dahil t\u00fcm tipleri<\/td>\n<td class=\"p-1 border\">Hassas ciltler dahil t\u00fcm cilt tipleri<\/td>\n<td class=\"p-1 border\">Hassas ciltler dahil t\u00fcm cilt tipleri<\/td>\n<\/tr>\n<tr class=\"text-center\">\n<td class=\"p-1 border fw-bold\"><strong>\u00dcr\u00fcn Tipi<\/strong><\/td>\n<td class=\"p-1 border\">Organik<\/td>\n<td class=\"p-1 border\">Organik<\/td>\n<td class=\"p-1 border\">Organik<\/td>\n<td class=\"p-1 border\">Organik<\/td>\n<\/tr>\n<\/tbody>\n<\/table><\/div>\n<\/div>\n","protected":false},"excerpt":{"rendered":"<ul>\n<li>The stretch mark prevention gel, certified by ETKO Cosmos Organic, contains Horsetail, Lady\u2019s Mantle, Ivy, Centella Extract, Onion, and Aloe Vera.<\/li>\n<li>Effectively moisturizes and softens your skin.<\/li>\n<li>Helps strengthen the skin barrier, increase elasticity, and promote a smooth appearance.<\/li>\n<li>Has a refreshing effect on the skin.<\/li>\n<\/ul>\n","protected":false},"featured_media":4802,"template":"","meta":[],"product_brand":[],"product_cat":[127],"product_tag":[],"class_list":{"0":"post-4140","1":"product","2":"type-product","3":"status-publish","4":"has-post-thumbnail","6":"product_cat-mom-baby","7":"pa_cilt-tipi-all-skin-types","9":"first","10":"instock","11":"virtual","12":"product-type-simple"},"etheme_brands":{"errors":{"invalid_taxonomy":["Invalid taxonomy."]},"error_data":[]},"_links":{"self":[{"href":"https:\/\/www.allsbiocosmetics.com\/en\/wp-json\/wp\/v2\/product\/4140","targetHints":{"allow":["GET"]}}],"collection":[{"href":"https:\/\/www.allsbiocosmetics.com\/en\/wp-json\/wp\/v2\/product"}],"about":[{"href":"https:\/\/www.allsbiocosmetics.com\/en\/wp-json\/wp\/v2\/types\/product"}],"version-history":[{"count":2,"href":"https:\/\/www.allsbiocosmetics.com\/en\/wp-json\/wp\/v2\/product\/4140\/revisions"}],"predecessor-version":[{"id":8496,"href":"https:\/\/www.allsbiocosmetics.com\/en\/wp-json\/wp\/v2\/product\/4140\/revisions\/8496"}],"wp:featuredmedia":[{"embeddable":true,"href":"https:\/\/www.allsbiocosmetics.com\/en\/wp-json\/wp\/v2\/media\/4802"}],"wp:attachment":[{"href":"https:\/\/www.allsbiocosmetics.com\/en\/wp-json\/wp\/v2\/media?parent=4140"}],"wp:term":[{"taxonomy":"product_brand","embeddable":true,"href":"https:\/\/www.allsbiocosmetics.com\/en\/wp-json\/wp\/v2\/product_brand?post=4140"},{"taxonomy":"product_cat","embeddable":true,"href":"https:\/\/www.allsbiocosmetics.com\/en\/wp-json\/wp\/v2\/product_cat?post=4140"},{"taxonomy":"product_tag","embeddable":true,"href":"https:\/\/www.allsbiocosmetics.com\/en\/wp-json\/wp\/v2\/product_tag?post=4140"}],"curies":[{"name":"wp","href":"https:\/\/api.w.org\/{rel}","templated":true}]}}