{"id":4141,"date":"2025-06-17T15:09:26","date_gmt":"2025-06-17T12:09:26","guid":{"rendered":"https:\/\/www.allsbiocosmetics.com\/organic-baby-oil-150-ml\/"},"modified":"2025-09-24T10:49:46","modified_gmt":"2025-09-24T07:49:46","slug":"organic-baby-oil-150-ml","status":"publish","type":"product","link":"https:\/\/www.allsbiocosmetics.com\/en\/organic-baby-oil-150-ml\/","title":{"rendered":"Organic Baby Oil 150 ml"},"content":{"rendered":"<div class=\"row col-12 p-1 text-center mx-auto border-round bg-light\" title=\"bg-light\">\n<div class=\"col-12 col-md-6 my-1 my-md-auto\">\n<div class=\"position-absolute text-left text-md-center \" style=\"top: 30px;left: 30px\">\n      <img decoding=\"async\" src=\"https:\/\/www.allsbiocosmetics.com\/wp-content\/uploads\/2025\/09\/etko.png\" alt=\"Logo\" class=\"w-50 w-md-75\">\n    <\/div>\n<div class=\"row m-auto justify-content-center position-relative\">\n<div class=\"col-12\">\n        <img decoding=\"async\" src=\"https:\/\/www.allsbiocosmetics.com\/wp-content\/uploads\/2025\/09\/all-logo.png\" alt=\"\" class=\"my-1 text-center\">\n      <\/div>\n<div class=\"col-12 px-1\">\n<h2 class=\"fw-bold fs-1\" style=\"color: #d59d15\">Organic <br \/>Baby Oil <\/h2>\n<p class=\"fs-5 mt-1 mb-0 fw-lighter\">Nutritive and moisturizing <br \/>baby massage oil <\/p>\n<\/p><\/div>\n<div class=\"row px-1 px-lg-2 mx-auto justify-content-center align-items-center mt-1\">\n<div class=\"col-4 col-md-2\">\n          <img decoding=\"async\" src=\"https:\/\/www.allsbiocosmetics.com\/wp-content\/uploads\/2025\/09\/avokado.png\" alt=\"\" class=\"my-1\">\n        <\/div>\n<div class=\"col-4 col-md-2\">\n          <img decoding=\"async\" src=\"https:\/\/www.allsbiocosmetics.com\/wp-content\/uploads\/2025\/09\/jojoba.png\" alt=\"\" class=\"my-1\">\n        <\/div>\n<div class=\"col-4 col-md-2\">\n          <img decoding=\"async\" src=\"https:\/\/www.allsbiocosmetics.com\/wp-content\/uploads\/2025\/09\/aynisefa-bitkisi.png\" alt=\"\" class=\"my-1\">\n        <\/div>\n<div class=\"col-4 col-md-2\">\n          <img decoding=\"async\" src=\"https:\/\/www.allsbiocosmetics.com\/wp-content\/uploads\/2025\/09\/badem-buyuk.png\" alt=\"\" class=\"my-1\">\n        <\/div>\n<div class=\"col-4 col-md-2\">\n          <img decoding=\"async\" src=\"https:\/\/www.allsbiocosmetics.com\/wp-content\/uploads\/2025\/09\/e-vitamini.png\" alt=\"\" class=\"my-1\">\n        <\/div>\n<div class=\"col-4 col-md-2\">\n          <img decoding=\"async\" src=\"https:\/\/www.allsbiocosmetics.com\/wp-content\/uploads\/2025\/09\/lavanta.png\" alt=\"\" class=\"my-1\">\n        <\/div>\n<\/p><\/div>\n<\/p><\/div>\n<\/p><\/div>\n<div class=\"col-12 col-md-6 my-1 my-md-auto\">\n    <img decoding=\"async\" src=\"https:\/\/www.allsbiocosmetics.com\/wp-content\/uploads\/2025\/09\/8684215390181-img-top.png\" alt=\"\">\n  <\/div>\n<\/div>\n<div class=\"row mx-auto px-3 py-1 border-round justify-content-center align-items-center my-2\" style=\"background-color: #406716\">\n<div class=\"col-3 text-center my-1\">\n    <img decoding=\"async\" src=\"https:\/\/www.allsbiocosmetics.com\/wp-content\/uploads\/2025\/09\/temiz-icerik.png\" alt=\"\">\n  <\/div>\n<div class=\"col-3 text-center my-1\">\n    <img decoding=\"async\" src=\"https:\/\/www.allsbiocosmetics.com\/wp-content\/uploads\/2025\/09\/surdurulebilir-yasam.png\" alt=\"\">\n  <\/div>\n<div class=\"col-3 text-center my-1\">\n    <img decoding=\"async\" src=\"https:\/\/www.allsbiocosmetics.com\/wp-content\/uploads\/2025\/09\/etko-sertifika-c.png\" alt=\"\">\n  <\/div>\n<div class=\"col-3 text-center my-1\">\n    <img decoding=\"async\" src=\"https:\/\/www.allsbiocosmetics.com\/wp-content\/uploads\/2025\/09\/dogal-icerik.png\" alt=\"\">\n  <\/div>\n<\/div>\n<div class=\"row justify-content-center col-12 p-1 mx-auto border-round my-1 \" style=\"background-color: #fcf3ec\">\n<div class=\"row col-12 col-md-6 order-2 order-md-1\">\n<div class=\"col-6 mt-auto py-1 text-center\">\n      <img decoding=\"async\" src=\"https:\/\/www.allsbiocosmetics.com\/wp-content\/uploads\/2025\/09\/avokado-buyuk.png\" alt=\"\"><\/p>\n<h3 class=\"col-12 fs-4 mt-1\" style=\"color: #d59d15\">Avocado<\/h3>\n<\/p><\/div>\n<div class=\"col-6 mt-auto py-1 text-center\">\n      <img decoding=\"async\" src=\"https:\/\/www.allsbiocosmetics.com\/wp-content\/uploads\/2025\/09\/aynisefa-bitkisi-buyuk.png\" alt=\"\"><\/p>\n<h2 class=\"col-12 fs-4 mt-1\" style=\"color: #d59d15\">Calendula Extract<\/h2>\n<\/p><\/div>\n<div class=\"col-6 mt-auto py-1 text-center\">\n      <img decoding=\"async\" src=\"https:\/\/www.allsbiocosmetics.com\/wp-content\/uploads\/2025\/09\/lavanta-buyuk.png\" alt=\"\"><\/p>\n<h2 class=\"col-12 fs-4 mt-1\" style=\"color: #d59d15\">Lavender Oil<\/h2>\n<\/p><\/div>\n<div class=\"col-6 mt-auto py-1 text-center\">\n      <img decoding=\"async\" src=\"https:\/\/www.allsbiocosmetics.com\/wp-content\/uploads\/2025\/09\/badem-buyuk.png\" alt=\"\"><\/p>\n<h2 class=\"col-12 fs-4 mt-1\" style=\"color: #d59d15\">Almond Oil<\/h2>\n<\/p><\/div>\n<\/p><\/div>\n<div class=\"col-12 col-md-6 my-auto order-1 order-md-2 text-left\">\n<div class=\"col-12 my-1\">\n      <img decoding=\"async\" src=\"https:\/\/www.allsbiocosmetics.com\/wp-content\/uploads\/2025\/09\/alls-txt.png\" alt=\"\">\n    <\/div>\n<div class=\"col-12\">\n<h3 class=\"fw-bold fs-2 my-1\" style=\"color: #d59d15\">Organic Baby Oil 150 ml<\/h3>\n<p class=\"my-1 fs-4\">With 99% organic-origin ingredients, it offers the purest care nature can provide for your baby\u2019s delicate skin. Enriched with avocado, jojoba, and almond oils, as well as calendula extract, it deeply nourishes and moisturizes the skin. Vitamin E helps protect the skin against environmental factors. The light and refreshing scent of lavender oil creates a soothing and peaceful care experience. Specially formulated for sensitive skin, it leaves the skin feeling soft and smooth. Certified by ETKO Cosmos Organic. Ideal for post-bath massages or daily moisturizing. Gently embraces your baby\u2019s skin. Let your little one feel the power of nature. <\/p>\n<\/p><\/div>\n<\/p><\/div>\n<\/div>\n<div class=\"p-1 my-2 bg-light\" title=\"bg-light\">\n<div class=\"row mx-auto justify-content-center align-items-center col-12 my-1 text-left\">\n<div class=\"col-12 col-md-6 text-center h-100 border-round px-0 px-md-1 my-1\">\n      <img decoding=\"async\" src=\"https:\/\/www.allsbiocosmetics.com\/wp-content\/uploads\/2025\/09\/8684215390181-img-bot.png\" alt=\"\">\n    <\/div>\n<div class=\"col-12 col-md-6 px-0 px-md-1\">\n<div class=\"col-12 p-1 border-round my-1 bg-gray\" title=\"bg-gray\">\n<div class=\"d-flex align-items-center my-1\">\n          <img decoding=\"async\" src=\"https:\/\/www.allsbiocosmetics.com\/wp-content\/uploads\/2025\/09\/8684215390037-icon-kare-full-siyah.png\" alt=\"Anti-Hair Loss\" class=\"px-1\"><br \/>\n          <span class=\"px-1 px-md-0 fw-bold fs-4 ms-2\">Intensive Moisturizing and Nourishment<\/span>\n        <\/div>\n<p class=\"col-12 my-1 fs-5\">Avocado, jojoba, and almond oils deeply moisturize the baby\u2019s skin. These oils help combat dryness and leave the skin feeling soft and smooth. <\/p>\n<\/p><\/div>\n<div class=\"col-12 p-1 border-round my-1 bg-gray\" title=\"bg-gray\">\n<div class=\"d-flex align-items-center my-1\">\n          <img decoding=\"async\" src=\"https:\/\/www.allsbiocosmetics.com\/wp-content\/uploads\/2025\/09\/8684215390037-icon-kare-full-siyah.png\" alt=\"Gentle Cleansing\" class=\"px-1\"><br \/>\n          <span class=\"px-1 px-md-0 fw-bold fs-4 ms-2\">Gentle Care for Sensitive Skin<\/span>\n        <\/div>\n<p class=\"col-12 my-1 fs-5\">Calendula extract and Vitamin E help protect your baby\u2019s sensitive skin against environmental factors. The 99% organic-origin formula gently cares for the skin, offering a safe and reliable experience. <\/p>\n<\/p><\/div>\n<div class=\"col-12 p-1 border-round my-1 bg-gray\" title=\"bg-gray\">\n<div class=\"d-flex align-items-center my-1\">\n          <img decoding=\"async\" src=\"https:\/\/www.allsbiocosmetics.com\/wp-content\/uploads\/2025\/09\/8684215390037-icon-kare-full-siyah.png\" alt=\"Hair Strengthening\" class=\"px-1\"><br \/>\n          <span class=\"px-1 px-md-0 fw-bold fs-4 ms-2\">Soothing Lavender Scent<\/span>\n        <\/div>\n<p class=\"col-12 my-1 fs-5\">Lavender oil refreshes your baby with its light and natural scent. It provides a calming effect during massage or after bath time, turning the care routine into a pleasant experience. <\/p>\n<\/p><\/div>\n<\/p><\/div>\n<\/p><\/div>\n<\/div>\n<div class=\"col-12 text-center my-1\">\n<div>\n<table class=\"mx-auto w-100 fs-5\">\n<tbody>\n<tr style=\"text-align: center\">\n<td width=\"20%\"><\/td>\n<td width=\"20%\">\n            <a href=\"\/urun\/organik-lavantali-bebek-sampuani\" target=\"_blank\" rel=\"noopener noreferrer\"><br \/>\n              <img decoding=\"async\" src=\"https:\/\/www.allsbiocosmetics.com\/wp-content\/uploads\/2025\/06\/lavanta-bebek-sampuan-yeni.png\" alt=\"\" class=\"my-1\"><br \/>\n            <\/a>\n          <\/td>\n<td width=\"20%\">\n            <a href=\"https:\/\/www.allsbiocosmetics.com\/organik-catlak-onlemeye-yardimci-yag\/\" target=\"_blank\" rel=\"noopener noreferrer\"><br \/>\n              <img decoding=\"async\" src=\"https:\/\/www.allsbiocosmetics.com\/wp-content\/uploads\/2025\/06\/catlak-onleyici-yag-yeni.png\" alt=\"\" class=\"my-1\"><br \/>\n            <\/a>\n          <\/td>\n<td width=\"20%\">\n            <a href=\"https:\/\/www.allsbiocosmetics.com\/en\/organic-orange-baby-shampoo\/\" target=\"_blank\" rel=\"noopener noreferrer\"><br \/>\n              <img decoding=\"async\" src=\"https:\/\/www.allsbiocosmetics.com\/wp-content\/uploads\/2025\/06\/portakalli-bebek-sampuan.png\" alt=\"\" class=\"my-1\"><br \/>\n            <\/a>\n          <\/td>\n<td width=\"20%\">\n            <a href=\"\/urun\/catlak-onlemeye-yardimci-jel\" target=\"_blank\" rel=\"noopener noreferrer\"><br \/>\n              <img decoding=\"async\" src=\"https:\/\/www.allsbiocosmetics.com\/wp-content\/uploads\/2025\/06\/catlak-onleyici-jel.png\" alt=\"\" class=\"my-1\"><br \/>\n            <\/a>\n          <\/td>\n<\/tr>\n<tr class=\"text-center\">\n<td><\/td>\n<td class=\"p-1 border-left\">\n            <a href=\"\/urun\/organik-lavantali-bebek-sampuani\"><br \/>\n              <strong>Alls Biocosmetics Organik Lavantal\u0131 Bebek \u015eampuan\u0131 350 ml<\/strong><br \/>\n            <\/a>\n          <\/td>\n<td class=\"p-1 border-left\">\n            <a href=\"https:\/\/www.allsbiocosmetics.com\/organik-catlak-onlemeye-yardimci-yag\/\"><br \/>\n              <strong>Alls Biocosmetics Organik \u00c7atlak \u00d6nlemeye Yard\u0131mc\u0131 Ya\u011f 150 ml<\/strong><br \/>\n            <\/a>\n          <\/td>\n<td class=\"p-1 border-left\">\n            <a href=\"https:\/\/www.allsbiocosmetics.com\/en\/organic-orange-baby-shampoo\/\"><br \/>\n              <strong>Alls Biocosmetics Organik Portakall\u0131 Bebek \u015eampuan\u0131 350 ml<\/strong><br \/>\n            <\/a>\n          <\/td>\n<td class=\"p-1 border-left border-right text-center\">\n            <a href=\"\/urun\/catlak-onlemeye-yardimci-jel\"><br \/>\n              <strong>Alls Biocosmetics Organik Anti Stretch Mark \u00c7atlak \u00d6nlemeye Yard\u0131mc\u0131 Jel 350 ml<\/strong><br \/>\n            <\/a>\n          <\/td>\n<\/tr>\n<tr class=\"text-center\">\n<td class=\"p-1 border fw-bold\">Usage<\/td>\n<td class=\"p-1 border\">\n            <em>Hair &amp; Body<\/em>\n          <\/td>\n<td class=\"p-1 border\">\n            <em>Body<\/em>\n          <\/td>\n<td class=\"p-1 border\">\n            <em>Hair &amp; Body<\/em>\n          <\/td>\n<td class=\"p-1 border text-center\">\n            <em>Body<\/em>\n          <\/td>\n<\/tr>\n<tr class=\"text-center bg-gray\" title=\"bg-gray\">\n<td class=\"p-1 border fw-bold\">\n            <strong>Benefits<\/strong>\n          <\/td>\n<td class=\"p-1 border\">Specifically formulated to cleanse babies\u2019 hair and body.<\/td>\n<td class=\"p-1 border\">Helps improve skin elasticity.<\/td>\n<td class=\"p-1 border\">Specifically formulated to cleanse babies\u2019 hair and body.<\/td>\n<td class=\"p-1 border text-center\">Cilt elastikiyetini artt\u0131rmaya, nemlendirmeye ve yumu\u015fatmaya yard\u0131mc\u0131d\u0131r.<\/td>\n<\/tr>\n<tr class=\"text-center\">\n<td class=\"p-1 border fw-bold\">\n            <strong>Ingredients<\/strong>\n          <\/td>\n<td class=\"p-1 border\">Aloe Vera, Lavender Oil, Calendula Extract, Inulin, Almond Oil, Vitamin E<\/td>\n<td class=\"p-1 border\">Vitamin E, Jojoba Oil, Lavender &amp; Geranium Flower Oil, Avocado Oil, Apricot Kernel Oil, Olive Oil<\/td>\n<td class=\"p-1 border\">Aloe Vera, Orange Oil, Calendula Extract, Inulin, Almond Oil, Vitamin E<\/td>\n<td class=\"p-1 border text-center\">Aslanpen\u00e7esi Ekstresi, At Kuyru\u011fu, So\u011fan Ekstresi, Duvar Sarma\u015f\u0131\u011f\u0131 Ekstresi, Centella (Cica) Ekstresi, Aloe Vera<\/td>\n<\/tr>\n<tr class=\"text-center\">\n<td class=\"p-1 border fw-bold\">\n            <strong>Skin Type<\/strong>\n          <\/td>\n<td class=\"p-1 border\">Suitable for all skin types<\/td>\n<td class=\"p-1 border\">Suitable for all skin types<\/td>\n<td class=\"p-1 border\">Suitable for all skin types<\/td>\n<td class=\"p-1 border text-center\">Suitable for all skin types<\/td>\n<\/tr>\n<tr class=\"text-center\">\n<td class=\"p-1 border fw-bold\">\n            <strong>Type<\/strong>\n          <\/td>\n<td class=\"p-1 border\">Organic and natural<\/td>\n<td class=\"p-1 border\">Organic and natural<\/td>\n<td class=\"p-1 border\">Organic and natural<\/td>\n<td class=\"p-1 border text-center\">Organic and natural<\/td>\n<\/tr>\n<\/tbody>\n<\/table><\/div>\n<\/div>\n","protected":false},"excerpt":{"rendered":"<ul>\n<li>A care oil for your baby, formulated with 99% organically sourced ingredients.<\/li>\n<li>Keeps your baby\u2019s skin soft, moisturized, and healthy.<\/li>\n<li>Formulated with natural ingredients.<\/li>\n<li>Ideal for skin-to-skin contact with your baby.<\/li>\n<\/ul>\n","protected":false},"featured_media":3930,"template":"","meta":[],"product_brand":[],"product_cat":[127,135],"product_tag":[],"class_list":{"0":"post-4141","1":"product","2":"type-product","3":"status-publish","4":"has-post-thumbnail","6":"product_cat-mom-baby","7":"product_cat-body-care","8":"pa_cilt-tipi-sensitive-skin","10":"first","11":"instock","12":"virtual","13":"product-type-simple"},"etheme_brands":{"errors":{"invalid_taxonomy":["Invalid taxonomy."]},"error_data":[]},"_links":{"self":[{"href":"https:\/\/www.allsbiocosmetics.com\/en\/wp-json\/wp\/v2\/product\/4141","targetHints":{"allow":["GET"]}}],"collection":[{"href":"https:\/\/www.allsbiocosmetics.com\/en\/wp-json\/wp\/v2\/product"}],"about":[{"href":"https:\/\/www.allsbiocosmetics.com\/en\/wp-json\/wp\/v2\/types\/product"}],"version-history":[{"count":0,"href":"https:\/\/www.allsbiocosmetics.com\/en\/wp-json\/wp\/v2\/product\/4141\/revisions"}],"wp:featuredmedia":[{"embeddable":true,"href":"https:\/\/www.allsbiocosmetics.com\/en\/wp-json\/wp\/v2\/media\/3930"}],"wp:attachment":[{"href":"https:\/\/www.allsbiocosmetics.com\/en\/wp-json\/wp\/v2\/media?parent=4141"}],"wp:term":[{"taxonomy":"product_brand","embeddable":true,"href":"https:\/\/www.allsbiocosmetics.com\/en\/wp-json\/wp\/v2\/product_brand?post=4141"},{"taxonomy":"product_cat","embeddable":true,"href":"https:\/\/www.allsbiocosmetics.com\/en\/wp-json\/wp\/v2\/product_cat?post=4141"},{"taxonomy":"product_tag","embeddable":true,"href":"https:\/\/www.allsbiocosmetics.com\/en\/wp-json\/wp\/v2\/product_tag?post=4141"}],"curies":[{"name":"wp","href":"https:\/\/api.w.org\/{rel}","templated":true}]}}