{"id":4178,"date":"2025-06-17T15:09:26","date_gmt":"2025-06-17T12:09:26","guid":{"rendered":"https:\/\/www.allsbiocosmetics.com\/prebiotic-roll-on-deodorant-for-men\/"},"modified":"2025-12-03T17:35:23","modified_gmt":"2025-12-03T14:35:23","slug":"organic-prebiotic-roll-on-deodorant-for-men-75-ml","status":"publish","type":"product","link":"https:\/\/www.allsbiocosmetics.com\/en\/organic-prebiotic-roll-on-deodorant-for-men-75-ml\/","title":{"rendered":"Organic Prebiotic Roll on Deodorant for Men 75 ml"},"content":{"rendered":"<style>\n.col-ten {\n    flex-basis: 10%;\n    max-width: 10%;\n    padding: 0 5px;\n}\n<\/style>\n<div class=\"row p-1 text-center mx-auto border-round bg-light\" title=\"bg-light\">\n<div class=\"col-12 col-md-6 my-1 my-md-auto\">\n<div class=\"position-absolute text-left text-md-center \" style=\"top: 30px;left: 30px\">\n        <img decoding=\"async\" class=\"w-50 w-md-75\" src=\"https:\/\/www.allsbiocosmetics.com\/wp-content\/uploads\/2025\/09\/etko.png\" alt=\"Logo\" \/>\n      <\/div>\n<div class=\"row m-auto justify-content-center position-relative\">\n<div class=\"col-12\">\n          <img decoding=\"async\" class=\"my-1 text-center\" src=\"https:\/\/www.allsbiocosmetics.com\/wp-content\/uploads\/2025\/09\/all-logo.png\" alt=\"\" \/>\n        <\/div>\n<div class=\"col-12 px-1\">\n<h2 class=\"fw-bold fs-1\" style=\"color: #2a507f\">Organic Prebiotic Roll-On Deodorant for Men<\/h2>\n<p class=\" fw-lighter fs-5 mt-1 mb-0\">Roll-on deodorant that helps eliminate bad odor without inhibiting sweating.<\/p>\n<\/p><\/div>\n<div class=\"row px-1 mx-auto justify-content-center align-items-center mt-md-1\">\n<div class=\"col-ten\">\n            <img decoding=\"async\" class=\"my-1\" src=\"https:\/\/www.allsbiocosmetics.com\/wp-content\/uploads\/2025\/09\/biberiye.png\" alt=\"\" \/>\n          <\/div>\n<div class=\"col-ten\">\n            <img decoding=\"async\" class=\"my-1\" src=\"https:\/\/www.allsbiocosmetics.com\/wp-content\/uploads\/2025\/09\/aloe-vera-buyuk.png\" alt=\"\" \/>\n          <\/div>\n<div class=\"col-ten\">\n            <img decoding=\"async\" class=\"my-1\" src=\"https:\/\/www.allsbiocosmetics.com\/wp-content\/uploads\/2025\/09\/prebiyotik.png\" alt=\"\" \/>\n          <\/div>\n<div class=\"col-ten\">\n            <img decoding=\"async\" class=\"my-1\" src=\"https:\/\/www.allsbiocosmetics.com\/wp-content\/uploads\/2025\/09\/hindistan-cevizi.png\" alt=\"\" \/>\n          <\/div>\n<div class=\"col-ten\">\n            <img decoding=\"async\" class=\"my-1\" src=\"https:\/\/www.allsbiocosmetics.com\/wp-content\/uploads\/2025\/09\/meyan-koku.png\" alt=\"\" \/>\n          <\/div>\n<div class=\"col-ten\">\n            <img decoding=\"async\" class=\"my-1\" src=\"https:\/\/www.allsbiocosmetics.com\/wp-content\/uploads\/2025\/09\/aksogut.png\" alt=\"\" \/>\n          <\/div>\n<div class=\"col-ten\">\n            <img decoding=\"async\" class=\"my-1\" src=\"https:\/\/www.allsbiocosmetics.com\/wp-content\/uploads\/2025\/09\/lavanta.png\" alt=\"\" \/>\n          <\/div>\n<div class=\"col-ten\">\n            <img decoding=\"async\" class=\"my-1\" src=\"https:\/\/www.allsbiocosmetics.com\/wp-content\/uploads\/2025\/09\/cay-agaci-buyuk.png\" alt=\"\" \/>\n          <\/div>\n<div class=\"col-ten\">\n            <img decoding=\"async\" class=\"my-1\" src=\"https:\/\/www.allsbiocosmetics.com\/wp-content\/uploads\/2025\/09\/nane.png\" alt=\"\" \/>\n          <\/div>\n<div class=\"col-ten\">\n            <img decoding=\"async\" class=\"my-1\" src=\"https:\/\/www.allsbiocosmetics.com\/wp-content\/uploads\/2025\/09\/aslanpencesi.png\" alt=\"\" \/>\n          <\/div>\n<\/p><\/div>\n<\/p><\/div>\n<\/p><\/div>\n<div class=\"col-12 col-md-6 my-1 my-md-auto\">\n      <img decoding=\"async\" src=\"https:\/\/www.allsbiocosmetics.com\/wp-content\/uploads\/2025\/06\/8684215390211-img-top.png\" alt=\"\" \/>\n    <\/div>\n<\/p><\/div>\n<div class=\"row mx-auto px-3 py-1 border-round justify-content-center align-items-center my-2\" style=\"background-color: #406716\">\n<div class=\"col-3 text-center my-1\">\n      <img decoding=\"async\" src=\"https:\/\/www.allsbiocosmetics.com\/wp-content\/uploads\/2025\/09\/temiz-icerik.png\" alt=\"\" \/>\n    <\/div>\n<div class=\"col-3 text-center my-1\">\n      <img decoding=\"async\" src=\"https:\/\/www.allsbiocosmetics.com\/wp-content\/uploads\/2025\/09\/surdurulebilir-yasam.png\" alt=\"\" \/>\n    <\/div>\n<div class=\"col-3 text-center my-1\">\n      <img decoding=\"async\" src=\"https:\/\/www.allsbiocosmetics.com\/wp-content\/uploads\/2025\/09\/etko-sertifika-c.png\" alt=\"\" \/>\n    <\/div>\n<div class=\"col-3 text-center my-1\">\n      <img decoding=\"async\" src=\"https:\/\/www.allsbiocosmetics.com\/wp-content\/uploads\/2025\/09\/dogal-icerik.png\" alt=\"\" \/>\n    <\/div>\n<\/p><\/div>\n<div class=\"row justify-content-center col-12 p-1 mx-auto border-round my-1 \" style=\"background-color: #e4f3fa\">\n<div class=\"row col-12 col-md-6 order-2 order-md-1\">\n<div class=\"col-6 mt-auto py-1 text-center\">\n        <img decoding=\"async\" src=\"https:\/\/www.allsbiocosmetics.com\/wp-content\/uploads\/2025\/09\/meyan-koku-buyuk.png\" alt=\"\" \/><\/p>\n<h3 class=\"col-12 fs-4 mt-1\" style=\"color: #2a507f\">Licorice Root<\/h3>\n<\/p><\/div>\n<div class=\"col-6 mt-auto py-2 py-md-1 text-center\">\n        <img decoding=\"async\" src=\"https:\/\/www.allsbiocosmetics.com\/wp-content\/uploads\/2025\/09\/prebiyotik-buyuk.png\" alt=\"\" \/><\/p>\n<h2 class=\"col-12 fs-4 mt-1\" style=\"color: #2a507f\">Prebiotic<\/h2>\n<\/p><\/div>\n<div class=\"col-6 mt-auto py-1 text-center\">\n        <img decoding=\"async\" src=\"https:\/\/www.allsbiocosmetics.com\/wp-content\/uploads\/2025\/09\/lavanta-buyuk.png\" alt=\"\" \/><\/p>\n<h2 class=\"col-12 fs-4 mt-1\" style=\"color: #2a507f\">Lavender Oil<\/h2>\n<\/p><\/div>\n<div class=\"col-6 mt-auto py-1 text-center\">\n        <img decoding=\"async\" src=\"https:\/\/www.allsbiocosmetics.com\/wp-content\/uploads\/2025\/09\/cay-agaci-buyuk.png\" alt=\"\" \/><\/p>\n<h2 class=\"col-12 fs-4 mt-1\" style=\"color: #2a507f\">Tea Tree Oil<\/h2>\n<\/p><\/div>\n<\/p><\/div>\n<div class=\"col-12 col-md-6 my-auto order-1 order-md-2 text-left\">\n<div class=\"col-12 my-1\">\n        <img decoding=\"async\" src=\"https:\/\/www.allsbiocosmetics.com\/wp-content\/uploads\/2025\/09\/alls-txt.png\" alt=\"\" \/>\n      <\/div>\n<div class=\"col-12\">\n<h2 class=\"fw-bold fs-2 my-1\" style=\"color: #2a507f\">Organic Prebiotic Roll-On Deodorant \u2013 For Men<\/h2>\n<p class=\"my-1 fs-4\">A deodorant specially developed for men with a natural, organic formula and ETKO COSMOS Organic certification. It provides effective odor protection without blocking perspiration. Enriched with aloe vera, prebiotics, and botanical oils, it offers reliable defense with a refreshing, masculine scent. Dries quickly, leaves no sticky residue, is gentle on the skin, and is suitable for daily use.<\/p>\n<\/p><\/div>\n<\/p><\/div>\n<\/p><\/div>\n<div class=\"p-1 my-2 bg-light\" title=\"bg-light\">\n<div class=\"row mx-auto justify-content-center align-items-center col-12 my-1 text-left\">\n<div class=\"col-12 col-md-6 text-center h-100 py-4 border-round\" style=\"background-color: #e4f3fa\">\n        <img decoding=\"async\" class=\"border-round\" src=\"https:\/\/www.allsbiocosmetics.com\/wp-content\/uploads\/2025\/06\/8684215390211-img-bot.png\" alt=\"\" \/>\n      <\/div>\n<div class=\"col-12 col-md-6 px-0 px-md-1\">\n<div class=\"col-12 p-1 border-round my-1 bg-gray\" title=\"bg-gray\">\n<div class=\"d-flex align-items-center my-1\">\n            <img decoding=\"async\" class=\"px-1\" src=\"https:\/\/www.allsbiocosmetics.com\/wp-content\/uploads\/2025\/09\/8684215390037-icon-kare-full-siyah.png\" \/><br \/>\n            <span class=\"px-1 px-md-0 fw-bold fs-4 ms-2\">Odor-Preventing Effect<\/span>\n          <\/div>\n<p class=\"col-12 my-1 fs-5\">Formulated with licorice root, tea tree oil, and peppermint oil to combat body odour effectively. It safeguards against unpleasant smells without blocking perspiration, leaving underarms feeling fresh and confident.<\/p>\n<\/p><\/div>\n<div class=\"col-12 p-1 border-round my-1 bg-gray\" title=\"bg-gray\">\n<div class=\"d-flex align-items-center my-1\">\n            <img decoding=\"async\" class=\"px-1\" src=\"https:\/\/www.allsbiocosmetics.com\/wp-content\/uploads\/2025\/09\/8684215390037-icon-kare-full-siyah.png\" \/><br \/>\n            <span class=\"px-1 px-md-0 fw-bold fs-4 ms-2\">Skin-Friendly and Gentle Care<\/span>\n          <\/div>\n<p class=\"col-12 my-1 fs-5\">Its gentle formula\u2014designed for sensitive skin\u2014cares for the underarms while the refreshing scent of organic essential oils delivers lasting freshness. With ETKO COSMOS-certified ingredients, it provides skin-friendly care in harmony with nature.<\/p>\n<\/p><\/div>\n<div class=\"col-12 p-1 border-round my-1 bg-gray\" title=\"bg-gray\">\n<div class=\"d-flex align-items-center my-1\">\n            <img decoding=\"async\" class=\"px-1\" src=\"https:\/\/www.allsbiocosmetics.com\/wp-content\/uploads\/2025\/09\/8684215390037-icon-kare-full-siyah.png\" alt=\"Hair Strengthening\" \/><br \/>\n            <span class=\"px-1 px-md-0 fw-bold fs-4 ms-2\">Refreshing and masculine scent.<\/span>\n          <\/div>\n<p class=\"col-12 my-1 fs-5\">Lavender oil, peppermint oil, and rosemary extract give the deodorant a pleasant, masculine scent. They refresh the skin, and the quick-drying formula provides long-lasting freshness without any sticky residue.<\/p>\n<\/p><\/div>\n<\/p><\/div>\n<\/p><\/div>\n<\/p><\/div>\n<div class=\"col-12 text-center my-1\">\n<div>\n<table class=\"mx-auto w-100 fs-5\">\n<tbody>\n<tr style=\"text-align: center\">\n<td><\/td>\n<td width=\"20%\">\n              <a href=\"https:\/\/www.allsbiocosmetics.com\/en\/?attachment_id=3901\" target=\"_blank\" rel=\"noopener noreferrer\"><br \/>\n                <img decoding=\"async\" class=\"my-1\" src=\"https:\/\/www.allsbiocosmetics.com\/wp-content\/uploads\/2025\/06\/gunluk-el-bakim-kremi.png\" alt=\"\" \/><br \/>\n              <\/a>\n            <\/td>\n<td width=\"20%\">\n              <a href=\"\/urun\/organik-dokulme-karsiti-prebiyotik-sampuan\" target=\"_blank\" rel=\"noopener noreferrer\"><br \/>\n                <img decoding=\"async\" class=\"my-1\" src=\"https:\/\/www.allsbiocosmetics.com\/wp-content\/uploads\/2025\/06\/dokulme-karsiti-350-yeni.png\" alt=\"\" \/><br \/>\n              <\/a>\n            <\/td>\n<td width=\"20%\">\n              <a href=\"\/urun\/prebiyotik-roll-on-deodorant\" target=\"_blank\" rel=\"noopener noreferrer\"><br \/>\n                <img decoding=\"async\" class=\"my-1\" src=\"https:\/\/www.allsbiocosmetics.com\/wp-content\/uploads\/2025\/06\/kadin-roll-on-yeni.png\" alt=\"\" \/><br \/>\n              <\/a>\n            <\/td>\n<td width=\"20%\">\n              <a href=\"https:\/\/www.allsbiocosmetics.com\/organik-prebiyotik-aloe-vera-sprey-140-ml\/\" target=\"_blank\" rel=\"noopener noreferrer\"><br \/>\n                <img decoding=\"async\" class=\"my-1\" src=\"https:\/\/www.allsbiocosmetics.com\/wp-content\/uploads\/2025\/06\/aloevera-sprey-140-ml-yeni.png\" alt=\"\" \/><br \/>\n              <\/a>\n            <\/td>\n<\/tr>\n<tr class=\"text-center\">\n<td><\/td>\n<td class=\"p-1 border-left\">\n              <a href=\"https:\/\/www.allsbiocosmetics.com\/en\/?attachment_id=3901\"><br \/>\n                <strong>Alls Biocosmetics Daily Hand Care Cream 50 ml<\/strong><br \/>\n              <\/a>\n            <\/td>\n<td class=\"p-1 border-left\">\n              <a href=\"\/urun\/organik-dokulme-karsiti-prebiyotik-sampuan\"><br \/>\n                <strong>Alls Biocosmetics Anti Hairloss Prebiotic Shampoo 350 ml<\/strong><br \/>\n              <\/a>\n            <\/td>\n<td class=\"p-1 border-left\">\n              <a href=\"\/urun\/prebiyotik-roll-on-deodorant\"><br \/>\n                <strong>Alls Biocosmetics Prebiotic Roll on Deodorant for Women 75 ml<\/strong><br \/>\n              <\/a>\n            <\/td>\n<td class=\"p-1 border-left border-right text-center\">\n              <a href=\"https:\/\/www.allsbiocosmetics.com\/organik-prebiyotik-aloe-vera-sprey-140-ml\/\"><br \/>\n                <strong>Alls Biocosmetics Organic Aloe Vera Spray 140 ml<\/strong><br \/>\n              <\/a>\n            <\/td>\n<\/tr>\n<tr class=\"text-center\">\n<td class=\"p-1 border fw-bold\">Usage<\/td>\n<td class=\"p-1 border\">\n              <em>Hand<\/em>\n            <\/td>\n<td class=\"p-1 border\">\n              <em>Hair<\/em>\n            <\/td>\n<td class=\"p-1 border\">\n              <em>Underarm<\/em>\n            <\/td>\n<td class=\"p-1 border text-center\">\n              <em>Body, Skin and Hair<\/em>\n            <\/td>\n<\/tr>\n<tr class=\"text-center bg-gray\" title=\"bg-gray\">\n<td class=\"p-1 border fw-bold\">\n              <strong>Main Benefits<\/strong>\n            <\/td>\n<td class=\"p-1 border\">Helps leave the hands feeling silky-soft.<\/td>\n<td class=\"p-1 border\">Provides anti-hair-loss care.<\/td>\n<td class=\"p-1 border\">Provides odor-fighting care for the underarms.<\/td>\n<td class=\"p-1 border text-center\">Moisturizes and refreshes the skin.<\/td>\n<\/tr>\n<tr class=\"text-center\">\n<td class=\"p-1 border fw-bold\">\n              <strong>\u00dcr\u00fcn \u0130\u00e7eri\u011fi<\/strong>\n            <\/td>\n<td class=\"p-1 border\">Shea Ya\u011f\u0131, Zeytinya\u011f\u0131, Tatl\u0131 Badem Ya\u011f\u0131, Aloe Vera, Lavanta Ya\u011f\u0131, It\u0131r Ya\u011f\u0131<\/td>\n<td class=\"p-1 border\">Horsetail Extract, Caffeine, Inulin, Jojoba Seed Oil, Chamomile Extract, Ivy Extract<\/td>\n<td class=\"p-1 border\">Lavender Oil, Geranium Oil, Peppermint Oil, Rosemary Extract, Licorice Root Extract, Willow Bark Extract, Lady\u2019s Mantle Extract, Coconut Oil<\/td>\n<td class=\"p-1 border text-center\">Aloe Vera<\/td>\n<\/tr>\n<tr class=\"text-center\">\n<td class=\"p-1 border fw-bold\">\n              <strong>Suitable Skin<\/strong>\n            <\/td>\n<td class=\"p-1 border\">Suitable for all skin types including sensitive skin<\/td>\n<td class=\"p-1 border\">All hair types<\/td>\n<td class=\"p-1 border\">Suitable for all skin types, including sensitive skin<\/td>\n<td class=\"p-1 border text-center\">Suitable for all skin types, including sensitive skin<\/td>\n<\/tr>\n<tr class=\"text-center\">\n<td class=\"p-1 border fw-bold\">\n              <strong>Product Type<\/strong>\n            <\/td>\n<td class=\"p-1 border\">Organic and Natural<\/td>\n<td class=\"p-1 border\">Organic and Natural<\/td>\n<td class=\"p-1 border\">Organic and Natural<\/td>\n<td class=\"p-1 border text-center\">Organic and Natural<\/td>\n<\/tr>\n<\/tbody>\n<\/table><\/div>\n<\/p><\/div>\n","protected":false},"excerpt":{"rendered":"<ul>\n<li>Willow bark, rosemary, licorice root, and lady\u2019s mantle extracts are effective against bacteria that cause unpleasant odor in the underarm area..<\/li>\n<li>Helps eliminate unpleasant odor without preventing natural sweating.<\/li>\n<li>Its fragrance comes from organic essential oils.<\/li>\n<li>Does not contain alcohol or aluminum.<\/li>\n<li>Its alcohol-free formula provides reliable protection for sensitive underarm skin.<\/li>\n<\/ul>\n","protected":false},"featured_media":3940,"template":"","meta":[],"product_brand":[],"product_cat":[135],"product_tag":[],"class_list":{"0":"post-4178","1":"product","2":"type-product","3":"status-publish","4":"has-post-thumbnail","6":"product_cat-body-care","7":"pa_cilt-tipi-all-skin-types","9":"first","10":"instock","11":"virtual","12":"product-type-simple"},"etheme_brands":{"errors":{"invalid_taxonomy":["Invalid taxonomy."]},"error_data":[]},"_links":{"self":[{"href":"https:\/\/www.allsbiocosmetics.com\/en\/wp-json\/wp\/v2\/product\/4178","targetHints":{"allow":["GET"]}}],"collection":[{"href":"https:\/\/www.allsbiocosmetics.com\/en\/wp-json\/wp\/v2\/product"}],"about":[{"href":"https:\/\/www.allsbiocosmetics.com\/en\/wp-json\/wp\/v2\/types\/product"}],"version-history":[{"count":1,"href":"https:\/\/www.allsbiocosmetics.com\/en\/wp-json\/wp\/v2\/product\/4178\/revisions"}],"predecessor-version":[{"id":5199,"href":"https:\/\/www.allsbiocosmetics.com\/en\/wp-json\/wp\/v2\/product\/4178\/revisions\/5199"}],"wp:featuredmedia":[{"embeddable":true,"href":"https:\/\/www.allsbiocosmetics.com\/en\/wp-json\/wp\/v2\/media\/3940"}],"wp:attachment":[{"href":"https:\/\/www.allsbiocosmetics.com\/en\/wp-json\/wp\/v2\/media?parent=4178"}],"wp:term":[{"taxonomy":"product_brand","embeddable":true,"href":"https:\/\/www.allsbiocosmetics.com\/en\/wp-json\/wp\/v2\/product_brand?post=4178"},{"taxonomy":"product_cat","embeddable":true,"href":"https:\/\/www.allsbiocosmetics.com\/en\/wp-json\/wp\/v2\/product_cat?post=4178"},{"taxonomy":"product_tag","embeddable":true,"href":"https:\/\/www.allsbiocosmetics.com\/en\/wp-json\/wp\/v2\/product_tag?post=4178"}],"curies":[{"name":"wp","href":"https:\/\/api.w.org\/{rel}","templated":true}]}}