{"id":4190,"date":"2025-06-17T15:09:27","date_gmt":"2025-06-17T12:09:27","guid":{"rendered":"https:\/\/www.allsbiocosmetics.com\/prebiotic-hair-detangler-spray140-ml\/"},"modified":"2025-10-16T11:35:22","modified_gmt":"2025-10-16T08:35:22","slug":"organic-prebiotic-hair-detangler-spray140-ml","status":"publish","type":"product","link":"https:\/\/www.allsbiocosmetics.com\/en\/organic-prebiotic-hair-detangler-spray140-ml\/","title":{"rendered":"Organic Prebiotic Hair Detangler Spray140 ml"},"content":{"rendered":"<div class=\"row col-12 p-1 text-center mx-auto border-round bg-light\" title=\"bg-light\">\n<div class=\"col-12 col-md-6 my-1 my-md-auto\">\n<div class=\"position-absolute text-left text-md-center \" style=\"top: 30px;left: 30px\">\n      <img decoding=\"async\" class=\"w-50 w-md-75\" src=\"https:\/\/www.allsbiocosmetics.com\/wp-content\/uploads\/2025\/09\/etko.png\" alt=\"Logo\" \/>\n    <\/div>\n<div class=\"row m-auto justify-content-center position-relative\">\n<div class=\"col-12\">\n        <img decoding=\"async\" class=\"my-1 text-center\" src=\"https:\/\/www.allsbiocosmetics.com\/wp-content\/uploads\/2025\/09\/all-logo.png\" alt=\"\" \/>\n      <\/div>\n<div class=\"col-12 px-1\">\n<h2 class=\"fw-bold fs-1\" style=\"color: #609BD2\">Organic Prebiotic Easy-Comb Hair Lightening Spray<\/h2>\n<p class=\" fw-lighter fs-5 mt-1 mb-0\">Anti-Frizz, Softening, Easy-Comb Spray for All Hair Types<\/p>\n<\/p><\/div>\n<div class=\"row px-1 px-lg-3 mx-auto justify-content-center align-items-center mt-md-1\">\n<div class=\"col-3\">\n          <img decoding=\"async\" class=\"my-1\" src=\"https:\/\/www.allsbiocosmetics.com\/wp-content\/uploads\/2025\/09\/aloe-vera.png\" alt=\"\" \/>\n        <\/div>\n<div class=\"col-3\">\n          <img decoding=\"async\" class=\"my-1\" src=\"https:\/\/www.allsbiocosmetics.com\/wp-content\/uploads\/2025\/09\/prebiyotik.png\" alt=\"\" \/>\n        <\/div>\n<div class=\"col-3\">\n          <img decoding=\"async\" class=\"my-1\" src=\"https:\/\/www.allsbiocosmetics.com\/wp-content\/uploads\/2025\/09\/aynisefa-bitkisi-buyuk.png\" alt=\"\" \/>\n        <\/div>\n<div class=\"col-3\">\n          <img decoding=\"async\" class=\"my-1\" src=\"https:\/\/www.allsbiocosmetics.com\/wp-content\/uploads\/2025\/09\/portakal-yagi.png\" alt=\"\" \/>\n        <\/div>\n<\/p><\/div>\n<\/p><\/div>\n<\/p><\/div>\n<div class=\"col-12 col-md-6 my-1 my-md-auto\">\n    <img decoding=\"async\" src=\"https:\/\/www.allsbiocosmetics.com\/wp-content\/uploads\/2025\/06\/8684215390075-img-top.png\" alt=\"\" \/>\n  <\/div>\n<\/div>\n<div class=\"row mx-auto px-3 py-1 border-round justify-content-center align-items-center my-2\" style=\"background-color: #406716\">\n<div class=\"col-3 text-center my-1\">\n    <img decoding=\"async\" src=\"https:\/\/www.allsbiocosmetics.com\/wp-content\/uploads\/2025\/09\/temiz-icerik.png\" alt=\"\" \/>\n  <\/div>\n<div class=\"col-3 text-center my-1\">\n    <img decoding=\"async\" src=\"https:\/\/www.allsbiocosmetics.com\/wp-content\/uploads\/2025\/09\/surdurulebilir-yasam.png\" alt=\"\" \/>\n  <\/div>\n<div class=\"col-3 text-center my-1\">\n    <img decoding=\"async\" src=\"https:\/\/www.allsbiocosmetics.com\/wp-content\/uploads\/2025\/09\/etko-sertifika-c.png\" alt=\"\" \/>\n  <\/div>\n<div class=\"col-3 text-center my-1\">\n    <img decoding=\"async\" src=\"https:\/\/www.allsbiocosmetics.com\/wp-content\/uploads\/2025\/09\/dogal-icerik.png\" alt=\"\" \/>\n  <\/div>\n<\/div>\n<div class=\"row justify-content-center col-12 p-1 mx-auto border-round my-1 \" style=\"background-color: #D9E9F8\">\n<div class=\"row col-12 col-md-6 order-2 order-md-1\">\n<div class=\"col-6 mt-auto py-1 text-center\">\n      <img decoding=\"async\" src=\"https:\/\/www.allsbiocosmetics.com\/wp-content\/uploads\/2025\/09\/aloe-vera-buyuk.png\" alt=\"\" \/><\/p>\n<h3 class=\"col-12 fs-4 mt-1\" style=\"color: #609BD2\">Aloe Vera<\/h3>\n<\/p><\/div>\n<div class=\"col-6 mt-auto py-1 text-center\">\n      <img decoding=\"async\" src=\"https:\/\/www.allsbiocosmetics.com\/wp-content\/uploads\/2025\/09\/prebiyotik-buyuk.png\" alt=\"\" \/><\/p>\n<h2 class=\"col-12 fs-4 mt-1\" style=\"color: #609BD2\">Prebiotic<\/h2>\n<\/p><\/div>\n<div class=\"col-6 mt-auto py-1 text-center\">\n      <img decoding=\"async\" src=\"https:\/\/www.allsbiocosmetics.com\/wp-content\/uploads\/2025\/09\/aynisefa-bitkisi-buyuk.png\" alt=\"\" \/><\/p>\n<h2 class=\"col-12 fs-4 mt-1\" style=\"color: #609BD2\">Calendula Extract<\/h2>\n<\/p><\/div>\n<div class=\"col-6 mt-auto py-1 text-center\">\n      <img decoding=\"async\" src=\"https:\/\/www.allsbiocosmetics.com\/wp-content\/uploads\/2025\/09\/portakal-yagi-buyuk.png\" alt=\"\" \/><\/p>\n<h2 class=\"col-12 fs-4 mt-1\" style=\"color: #609BD2\">Orange Oil<\/h2>\n<\/p><\/div>\n<\/p><\/div>\n<div class=\"col-12 col-md-6 my-auto order-1 order-md-2 text-left\">\n<div class=\"col-12 my-1\">\n      <img decoding=\"async\" src=\"https:\/\/www.allsbiocosmetics.com\/wp-content\/uploads\/2025\/09\/alls-txt.png\" alt=\"\" \/>\n    <\/div>\n<div class=\"col-12\">\n<h2 class=\"fw-bold fs-2 my-1\" style=\"color: #609BD2\">Organic Prebiotic Detangling Hair Lightening Spray<\/h2>\n<p class=\"my-1 fs-4\">This natural and organic hair-care product is ETKO Cosmos Organic certified. The spray makes hair easy to comb and helps counteract frizz and fly-aways. Enriched with aloe vera, prebiotics, calendula extract, and orange oil, it delivers softness, shine, and radiant gloss without stressing the strands. Its lightweight texture nourishes hair, effortlessly detangles knots, and reveals natural beauty\u2014giving you smooth, well-groomed hair any time. Specially developed for all hair types and suitable for daily use.<\/p>\n<\/p><\/div>\n<\/p><\/div>\n<\/div>\n<div class=\"p-1 my-2 bg-light\" title=\"bg-light\">\n<div class=\"row mx-auto justify-content-center align-items-center col-12 my-1 text-left\">\n<div class=\"col-12 col-md-6 text-center \">\n      <img decoding=\"async\" class=\"border-round my-1\" src=\"https:\/\/www.allsbiocosmetics.com\/wp-content\/uploads\/2025\/06\/8684215390075-img-bottom.png\" alt=\"\" \/>\n    <\/div>\n<div class=\"col-12 col-md-6 px-0 px-md-1\">\n<div class=\"col-12 p-1 border-round my-1 bg-gray\" title=\"bg-gray\">\n<div class=\"d-flex align-items-center my-1\">\n          <img decoding=\"async\" class=\"px-1\" src=\"https:\/\/www.allsbiocosmetics.com\/wp-content\/uploads\/2025\/09\/8684215390037-icon-kare-full-siyah.png\" alt=\"Anti-Hair Loss\" \/><br \/>\n          <span class=\"px-1 px-md-0 fw-bold fs-4 ms-2\">Easy Combing and Detangling<\/span>\n        <\/div>\n<p class=\"col-12 my-1 fs-5\">With its prebiotic and aloe vera content, it gently detangles knotted, tangled hair, making combing effortless. It smooths the hair fiber, helping protect against breakage and split ends, and provides practical care suitable for all hair types.<\/p>\n<\/p><\/div>\n<div class=\"col-12 p-1 border-round my-1 bg-gray\" title=\"bg-gray\">\n<div class=\"d-flex align-items-center my-1\">\n          <img decoding=\"async\" class=\"px-1\" src=\"https:\/\/www.allsbiocosmetics.com\/wp-content\/uploads\/2025\/09\/8684215390037-icon-kare-full-siyah.png\" alt=\"Gentle Cleansing\" \/><br \/>\n          <span class=\"px-1 px-md-0 fw-bold fs-4 ms-2\">Anti-Frizz and Anti-Flyaway Care<\/span>\n        <\/div>\n<p class=\"col-12 my-1 fs-5\">Orange oil and calendula extract help reduce hair frizz. They refresh the scalp and provide protection against environmental factors, helping the hair achieve a smoother appearance.<\/p>\n<\/p><\/div>\n<div class=\"col-12 p-1 border-round my-1 bg-gray\" title=\"bg-gray\">\n<div class=\"d-flex align-items-center my-1\">\n          <img decoding=\"async\" class=\"px-1\" src=\"https:\/\/www.allsbiocosmetics.com\/wp-content\/uploads\/2025\/09\/8684215390037-icon-kare-full-siyah.png\" alt=\"Hair Strengthening\" \/><br \/>\n          <span class=\"px-1 px-md-0 fw-bold fs-4 ms-2\">Softening and Shine-Enhancing Effect<\/span>\n        <\/div>\n<p class=\"col-12 my-1 fs-5\">Deeply hydrates the hair with aloe vera and prebiotics. Adds natural shine and softness to each strand, reducing dullness for a radiant appearance.<\/p>\n<\/p><\/div>\n<\/p><\/div>\n<\/p><\/div>\n<\/div>\n<div class=\"col-12 text-center my-1\">\n<div>\n<table class=\"mx-auto w-100 fs-5\">\n<tbody>\n<tr style=\"text-align: center\">\n<td><\/td>\n<td width=\"20%\">\n            <a href=\"\/en\/organic-nourishing-prebiotic-hair-conditioner-350-ml\/\" target=\"_blank\" rel=\"noopener noreferrer\"><br \/>\n              <img decoding=\"async\" class=\"my-1\" src=\"https:\/\/www.allsbiocosmetics.com\/wp-content\/uploads\/2025\/06\/besleyici-sac-kremi-yeni.png\" alt=\"\" \/><br \/>\n            <\/a>\n          <\/td>\n<td width=\"20%\">\n            <a href=\"\/en\/organic-anti-hairloss-prebiotic-shampoo-350-ml\/\" target=\"_blank\" rel=\"noopener noreferrer\"><br \/>\n              <img decoding=\"async\" class=\"my-1\" src=\"https:\/\/www.allsbiocosmetics.com\/wp-content\/uploads\/2025\/06\/dokulme-karsiti-350-yeni.png\" alt=\"\" \/><br \/>\n            <\/a>\n          <\/td>\n<td width=\"20%\">\n            <a href=\"\/en\/organic-daily-hand-care-cream-50-ml\/\" target=\"_blank\" rel=\"noopener noreferrer\"><br \/>\n              <img decoding=\"async\" class=\"my-1\" src=\"https:\/\/www.allsbiocosmetics.com\/wp-content\/uploads\/2025\/06\/gunluk-el-bakim-kremi.png\" alt=\"\" \/><br \/>\n            <\/a>\n          <\/td>\n<td width=\"20%\">\n            <a href=\"\/en\/organic-prebiotic-aloe-vera-spray-140-ml\/\" target=\"_blank\" rel=\"noopener noreferrer\"><br \/>\n              <img decoding=\"async\" class=\"my-1\" src=\"https:\/\/www.allsbiocosmetics.com\/wp-content\/uploads\/2025\/06\/aloevera-sprey-140-ml-yeni.png\" alt=\"\" \/><br \/>\n            <\/a>\n          <\/td>\n<\/tr>\n<tr class=\"text-center\">\n<td><\/td>\n<td class=\"p-1 border-left\">\n            <a href=\"\/en\/organic-nourishing-prebiotic-hair-conditioner-350-ml\/\"><br \/>\n              <strong>Organic Nourishing Prebiotic Hair Conditioner 350 ml<\/strong><br \/>\n            <\/a>\n          <\/td>\n<td class=\"p-1 border-left\">\n            <a href=\"\/en\/organic-anti-hairloss-prebiotic-shampoo-350-ml\/\"><br \/>\n              <strong>Alls Biocosmetics Organic Anti-Hair Loss Prebiotic Shampoo 350 ml<\/strong><br \/>\n            <\/a>\n          <\/td>\n<td class=\"p-1 border-left\">\n            <a href=\"\/en\/organic-daily-hand-care-cream-50-ml\/\"><br \/>\n              <strong>Alls Biocosmetics Organic Daily Hand Care Cream 50 ml<\/strong><br \/>\n            <\/a>\n          <\/td>\n<td class=\"p-1 border-left border-right text-center\">\n            <a href=\"\/en\/organic-prebiotic-aloe-vera-spray-140-ml\/\"><br \/>\n              <strong>Alls Biocosmetics Organic Prebiotic Aloe Vera Spray 140 ml<\/strong><br \/>\n            <\/a>\n          <\/td>\n<\/tr>\n<tr class=\"text-center\">\n<td class=\"p-1 border fw-bold\">Usage<\/td>\n<td class=\"p-1 border\">\n            <em>Hair<\/em>\n          <\/td>\n<td class=\"p-1 border\">\n            <em>Hair<\/em>\n          <\/td>\n<td class=\"p-1 border\">\n            <em>Hand<\/em>\n          <\/td>\n<td class=\"p-1 border text-center\">\n            <em>Body, Skin and Hair<\/em>\n          <\/td>\n<\/tr>\n<tr class=\"text-center bg-gray\" title=\"bg-gray\">\n<td class=\"p-1 border fw-bold\">\n            <strong>Ana Fayda<\/strong>\n          <\/td>\n<td class=\"p-1 border\">Sa\u00e7lar\u0131 besler, nemlendirir ve yumu\u015fat\u0131r<\/td>\n<td class=\"p-1 border\">D\u00f6k\u00fclme kar\u015f\u0131t\u0131 bak\u0131m yapar<\/td>\n<td class=\"p-1 border\">Ellerde yumu\u015fac\u0131k bir his olu\u015fmas\u0131na yard\u0131mc\u0131 olur<\/td>\n<td class=\"p-1 border text-center\">Cildi nemlendirir ve ferahlat\u0131r<\/td>\n<\/tr>\n<tr class=\"text-center\">\n<td class=\"p-1 border fw-bold\">\n            <strong>Product Ingredients<\/strong>\n          <\/td>\n<td class=\"p-1 border\">Horsetail Extract, Caffeine, Inulin, Jojoba Seed Oil, Chamomile Extract, Ivy Extract.<\/td>\n<td class=\"p-1 border\">Horsetail Extract, Caffeine, Inulin, Jojoba Seed Oil, Chamomile Extract, Ivy Extract.<\/td>\n<td class=\"p-1 border\">Shea Butter, Olive Oil, Sweet Almond Oil, Aloe Vera, Lavender Oil, Geranium Oil<\/td>\n<td class=\"p-1 border text-center\">Aloe Vera<\/td>\n<\/tr>\n<tr class=\"text-center\">\n<td class=\"p-1 border fw-bold\">\n            <strong>Uygun Cilt<\/strong>\n          <\/td>\n<td class=\"p-1 border\">T\u00fcm sa\u00e7 tipleri<\/td>\n<td class=\"p-1 border\">T\u00fcm sa\u00e7 tipleri<\/td>\n<td class=\"p-1 border\">Hassas ciltler dahil t\u00fcm cilt tipleri<\/td>\n<td class=\"p-1 border text-center\">Hassas ciltler dahil t\u00fcm cilt tipleri<\/td>\n<\/tr>\n<tr class=\"text-center\">\n<td class=\"p-1 border fw-bold\">\n            <strong>Product Type<\/strong>\n          <\/td>\n<td class=\"p-1 border\">Organic and Natural<\/td>\n<td class=\"p-1 border\">Organic and Natural<\/td>\n<td class=\"p-1 border\">Organic and Natural<\/td>\n<td class=\"p-1 border text-center\">Organic and Natural<\/td>\n<\/tr>\n<\/tbody>\n<\/table><\/div>\n<\/div>\n","protected":false},"excerpt":{"rendered":"<ul>\n<li>Contains prebiotics.<\/li>\n<li>With its long-lasting effect, it cares for the hair and helps strands appear more vibrant and shiny.<\/li>\n<li>Makes tangled, knotted hair easy to comb.<\/li>\n<li>Helps prevent frizz.<\/li>\n<li>Suitable for all hair types and for daily use.<\/li>\n<\/ul>\n","protected":false},"featured_media":3951,"template":"","meta":[],"product_brand":[],"product_cat":[128],"product_tag":[],"class_list":{"0":"post-4190","1":"product","2":"type-product","3":"status-publish","4":"has-post-thumbnail","6":"product_cat-hair-care","8":"first","9":"instock","10":"virtual","11":"product-type-simple"},"etheme_brands":{"errors":{"invalid_taxonomy":["Invalid taxonomy."]},"error_data":[]},"_links":{"self":[{"href":"https:\/\/www.allsbiocosmetics.com\/en\/wp-json\/wp\/v2\/product\/4190","targetHints":{"allow":["GET"]}}],"collection":[{"href":"https:\/\/www.allsbiocosmetics.com\/en\/wp-json\/wp\/v2\/product"}],"about":[{"href":"https:\/\/www.allsbiocosmetics.com\/en\/wp-json\/wp\/v2\/types\/product"}],"version-history":[{"count":1,"href":"https:\/\/www.allsbiocosmetics.com\/en\/wp-json\/wp\/v2\/product\/4190\/revisions"}],"predecessor-version":[{"id":4829,"href":"https:\/\/www.allsbiocosmetics.com\/en\/wp-json\/wp\/v2\/product\/4190\/revisions\/4829"}],"wp:featuredmedia":[{"embeddable":true,"href":"https:\/\/www.allsbiocosmetics.com\/en\/wp-json\/wp\/v2\/media\/3951"}],"wp:attachment":[{"href":"https:\/\/www.allsbiocosmetics.com\/en\/wp-json\/wp\/v2\/media?parent=4190"}],"wp:term":[{"taxonomy":"product_brand","embeddable":true,"href":"https:\/\/www.allsbiocosmetics.com\/en\/wp-json\/wp\/v2\/product_brand?post=4190"},{"taxonomy":"product_cat","embeddable":true,"href":"https:\/\/www.allsbiocosmetics.com\/en\/wp-json\/wp\/v2\/product_cat?post=4190"},{"taxonomy":"product_tag","embeddable":true,"href":"https:\/\/www.allsbiocosmetics.com\/en\/wp-json\/wp\/v2\/product_tag?post=4190"}],"curies":[{"name":"wp","href":"https:\/\/api.w.org\/{rel}","templated":true}]}}