{"id":4240,"date":"2025-06-17T15:09:26","date_gmt":"2025-06-17T12:09:26","guid":{"rendered":"https:\/\/www.allsbiocosmetics.com\/stretch-marks-oil-150-ml\/"},"modified":"2025-10-16T09:16:28","modified_gmt":"2025-10-16T06:16:28","slug":"organic-stretch-marks-oil-150-ml","status":"publish","type":"product","link":"https:\/\/www.allsbiocosmetics.com\/en\/organic-stretch-marks-oil-150-ml\/","title":{"rendered":"Organic Stretch Marks Oil 150 ml"},"content":{"rendered":"<style>\n  .col-eight {\n    flex-basis: 12.4%;\n    max-width: 12.4%;\n    padding-left: 8px;\n    padding-right: 8px;\n  }\n<\/style>\n<div class=\"row col-12 p-1 text-center mx-auto border-round bg-light\" title=\"bg-light\">\n<div class=\"col-12 col-md-6 my-1 my-md-auto\">\n<div class=\"position-absolute text-left text-md-center \" style=\"top: 30px;left: 30px\">\n      <img decoding=\"async\" class=\"w-50 w-md-75\" src=\"https:\/\/www.allsbiocosmetics.com\/wp-content\/uploads\/2025\/09\/etko.png\" alt=\"Logo\" \/>\n    <\/div>\n<div class=\"row m-auto justify-content-center position-relative\">\n<div class=\"col-12\">\n        <img decoding=\"async\" class=\"my-1 text-center\" src=\"https:\/\/www.allsbiocosmetics.com\/wp-content\/uploads\/2025\/09\/all-logo.png\" alt=\"\" \/>\n      <\/div>\n<div class=\"col-12 px-1\">\n<h2 class=\"fw-bold fs-1\" style=\"color: #cc5ca9\">Organic Stretch Marks Oil<\/h2>\n<p class=\"fs-5 mt-1 mb-0 fw-lighter\">A care oil that helps improve skin elasticity and prevent stretch marks.<\/p>\n<\/p><\/div>\n<div class=\"row px-1 px-lg-3 mx-auto justify-content-center align-items-center mt-md-1\">\n<div class=\"col-eight\">\n          <img decoding=\"async\" class=\"my-1\" src=\"https:\/\/www.allsbiocosmetics.com\/wp-content\/uploads\/2025\/09\/jojoba.png\" alt=\"\" \/>\n        <\/div>\n<div class=\"col-eight\">\n          <img decoding=\"async\" class=\"my-1\" src=\"https:\/\/www.allsbiocosmetics.com\/wp-content\/uploads\/2025\/09\/zeytinyagi.png\" alt=\"\" \/>\n        <\/div>\n<div class=\"col-eight\">\n          <img decoding=\"async\" class=\"my-1\" src=\"https:\/\/www.allsbiocosmetics.com\/wp-content\/uploads\/2025\/09\/lavanta.png\" alt=\"\" \/>\n        <\/div>\n<div class=\"col-eight\">\n          <img decoding=\"async\" class=\"my-1\" src=\"https:\/\/www.allsbiocosmetics.com\/wp-content\/uploads\/2025\/09\/object.png\" alt=\"\" \/>\n        <\/div>\n<div class=\"col-eight\">\n          <img decoding=\"async\" class=\"my-1\" src=\"https:\/\/www.allsbiocosmetics.com\/wp-content\/uploads\/2025\/09\/kayisi-cekirdegi-yagi.png\" alt=\"\" \/>\n        <\/div>\n<div class=\"col-eight\">\n          <img decoding=\"async\" class=\"my-1\" src=\"https:\/\/www.allsbiocosmetics.com\/wp-content\/uploads\/2025\/09\/uzum-cekirdegi.png\" alt=\"\" \/>\n        <\/div>\n<div class=\"col-eight\">\n          <img decoding=\"async\" class=\"my-1\" src=\"https:\/\/www.allsbiocosmetics.com\/wp-content\/uploads\/2025\/09\/e-vitamini.png\" alt=\"\" \/>\n        <\/div>\n<div class=\"col-eight\">\n          <img decoding=\"async\" class=\"my-1\" src=\"https:\/\/www.allsbiocosmetics.com\/wp-content\/uploads\/2025\/09\/avokado.png\" alt=\"\" \/>\n        <\/div>\n<\/p><\/div>\n<\/p><\/div>\n<\/p><\/div>\n<div class=\"col-12 col-md-6 my-1 my-md-auto\">\n    <img decoding=\"async\" src=\"https:\/\/www.allsbiocosmetics.com\/wp-content\/uploads\/2025\/09\/8684215390198-img-top.png\" alt=\"\" \/>\n  <\/div>\n<\/div>\n<div class=\"row mx-auto px-3 py-1 border-round justify-content-center align-items-center my-2\" style=\"background-color: #406716\">\n<div class=\"col-3 text-center my-1\">\n    <img decoding=\"async\" src=\"https:\/\/www.allsbiocosmetics.com\/wp-content\/uploads\/2025\/09\/temiz-icerik.png\" alt=\"\" \/>\n  <\/div>\n<div class=\"col-3 text-center my-1\">\n    <img decoding=\"async\" src=\"https:\/\/www.allsbiocosmetics.com\/wp-content\/uploads\/2025\/09\/surdurulebilir-yasam.png\" alt=\"\" \/>\n  <\/div>\n<div class=\"col-3 text-center my-1\">\n    <img decoding=\"async\" src=\"https:\/\/www.allsbiocosmetics.com\/wp-content\/uploads\/2025\/09\/etko-sertifika-c.png\" alt=\"\" \/>\n  <\/div>\n<div class=\"col-3 text-center my-1\">\n    <img decoding=\"async\" src=\"https:\/\/www.allsbiocosmetics.com\/wp-content\/uploads\/2025\/09\/dogal-icerik.png\" alt=\"\" \/>\n  <\/div>\n<\/div>\n<div class=\"row justify-content-center col-12 p-1 mx-auto border-round my-1 \" style=\"background-color: #f8e2f1\">\n<div class=\"row col-12 col-md-6 order-2 order-md-1\">\n<div class=\"col-6 mt-auto py-1 text-center\">\n      <img decoding=\"async\" src=\"https:\/\/www.allsbiocosmetics.com\/wp-content\/uploads\/2025\/09\/shea-yagi-buyuk.png\" alt=\"\" \/><\/p>\n<h3 class=\"col-12 fs-4 mt-1\" style=\"color: #cc5ca9\">Jojoba Oil<\/h3>\n<\/p><\/div>\n<div class=\"col-6 mt-auto py-1 text-center\">\n      <img decoding=\"async\" src=\"https:\/\/www.allsbiocosmetics.com\/wp-content\/uploads\/2025\/09\/uzum-cekirdegi-buyuk.png\" alt=\"\" \/><\/p>\n<h2 class=\"col-12 fs-4 mt-1\" style=\"color: #cc5ca9\">Grape Seed Oil<\/h2>\n<\/p><\/div>\n<div class=\"col-6 mt-auto py-1 text-center\">\n      <img decoding=\"async\" src=\"https:\/\/www.allsbiocosmetics.com\/wp-content\/uploads\/2025\/09\/e-vitamini-buyuk.png\" alt=\"\" \/><\/p>\n<h2 class=\"col-12 fs-4 mt-1\" style=\"color: #cc5ca9\">Vitamin E<\/h2>\n<\/p><\/div>\n<div class=\"col-6 mt-auto py-1 text-center\">\n      <img decoding=\"async\" src=\"https:\/\/www.allsbiocosmetics.com\/wp-content\/uploads\/2025\/09\/avokado-buyuk.png\" alt=\"\" \/><\/p>\n<h2 class=\"col-12 fs-4 mt-1\" style=\"color: #cc5ca9\">Avocado<\/h2>\n<\/p><\/div>\n<\/p><\/div>\n<div class=\"col-12 col-md-6 my-auto order-1 order-md-2 text-left\">\n<div class=\"col-12 my-1\">\n      <img decoding=\"async\" src=\"https:\/\/www.allsbiocosmetics.com\/wp-content\/uploads\/2025\/09\/alls-txt.png\" alt=\"\" \/>\n    <\/div>\n<div class=\"col-12\">\n<h3 class=\"fw-bold fs-2 my-1\" style=\"color: #cc5ca9\">Organic Stretch Mark Prevention Oil<\/h3>\n<p class=\"my-1 fs-4\">Provides natural and effective care for skin with visible stretch marks. Enriched with jojoba oil, olive oil, apricot kernel oil, grape seed oil, and avocado, it supports the skin\u2019s elasticity and helps reduce the appearance of stretch marks. Vitamin E strengthens the skin barrier and protects against environmental factors. Lavender and geranium flower oils refresh the skin and turn your care routine into a pleasant experience. With its intense moisturizing effect, it softens and smoothens the skin, giving it a radiant appearance. Feel the pure power of nature on your skin with Alls Biocosmetics! Enjoy gentle and effective care every day.<\/p>\n<\/p><\/div>\n<\/p><\/div>\n<\/div>\n<div class=\"p-1 my-2 bg-light\" title=\"bg-light\">\n<div class=\"row mx-auto justify-content-center align-items-center col-12 my-1 text-left\">\n<div class=\"col-12 col-md-6 text-center h-100 px-0 px-md-1 border-round\">\n      <img decoding=\"async\" class=\"border-round my-1\" src=\"https:\/\/www.allsbiocosmetics.com\/wp-content\/uploads\/2025\/09\/8684215390198-img-bot.png\" alt=\"\" \/>\n    <\/div>\n<div class=\"col-12 col-md-6 px-0 px-md-1\">\n<div class=\"col-12 p-1 border-round my-1 bg-gray\" title=\"bg-gray\">\n<div class=\"d-flex align-items-center my-1\">\n          <img decoding=\"async\" class=\"px-1\" src=\"https:\/\/www.allsbiocosmetics.com\/wp-content\/uploads\/2025\/09\/8684215390037-icon-kare-full-siyah.png\" alt=\"Anti-Hair Loss\" \/><br \/>\n          <span class=\"px-1 px-md-0 fw-bold fs-4 ms-2\">Skin Elasticity Enhancement<\/span>\n        <\/div>\n<p class=\"col-12 my-1 fs-5\">Jojoba oil, apricot kernel oil, and avocado help improve skin elasticity and strengthen the skin against the appearance of stretch marks. These oils enhance the skin\u2019s natural elasticity, promoting a firmer and more resilient look.<\/p>\n<\/p><\/div>\n<div class=\"col-12 p-1 border-round my-1 bg-gray\" title=\"bg-gray\">\n<div class=\"d-flex align-items-center my-1\">\n          <img decoding=\"async\" class=\"px-1\" src=\"https:\/\/www.allsbiocosmetics.com\/wp-content\/uploads\/2025\/09\/8684215390037-icon-kare-full-siyah.png\" alt=\"Gentle Cleansing\" \/><br \/>\n          <span class=\"px-1 px-md-0 fw-bold fs-4 ms-2\">Intensive Hydration<\/span>\n        <\/div>\n<p class=\"col-12 my-1 fs-5\">Olive oil and grape seed oil deeply moisturize the skin and provide care against dryness. This helps keep skin with stretch marks smooth and soft.<\/p>\n<\/p><\/div>\n<div class=\"col-12 p-1 border-round my-1 bg-gray\" title=\"bg-gray\">\n<div class=\"d-flex align-items-center my-1\">\n          <img decoding=\"async\" class=\"px-1\" src=\"https:\/\/www.allsbiocosmetics.com\/wp-content\/uploads\/2025\/09\/8684215390037-icon-kare-full-siyah.png\" alt=\"Hair Strengthening\" \/><br \/>\n          <span class=\"px-1 px-md-0 fw-bold fs-4 ms-2\">Strengthening the Skin Barrier<\/span>\n        <\/div>\n<p class=\"col-12 my-1 fs-5\">Vitamin E and lavender oil strengthen the skin barrier and protect it against environmental factors. Combined with geranium flower oil, they refresh the skin and promote a radiant, healthy-looking complexion.<\/p>\n<\/p><\/div>\n<\/p><\/div>\n<\/p><\/div>\n<\/div>\n<div class=\"col-12 text-center my-1\">\n<div>\n<table class=\"mx-auto w-100 fs-5\">\n<tbody>\n<tr style=\"text-align: center\">\n<td><\/td>\n<td width=\"20%\">\n            <a href=\"\/en\/organic-orange-baby-shampoo-350-ml\/\" target=\"_blank\" rel=\"noopener noreferrer\"><br \/>\n              <img decoding=\"async\" class=\"my-1\" src=\"https:\/\/www.allsbiocosmetics.com\/wp-content\/uploads\/2025\/06\/portakalli-bebek-sampuan.png\" alt=\"\" \/><br \/>\n            <\/a>\n          <\/td>\n<td width=\"20%\">\n            <a href=\"\/en\/organic-stretch-marks-gel-350-ml\/\" target=\"_blank\" rel=\"noopener noreferrer\"><br \/>\n              <img decoding=\"async\" class=\"my-1\" src=\"https:\/\/www.allsbiocosmetics.com\/wp-content\/uploads\/2025\/06\/catlak-onleyici-jel.png\" alt=\"\" \/><br \/>\n            <\/a>\n          <\/td>\n<td width=\"20%\">\n            <a href=\"\/en\/organic-baby-shampoo-lavender-350-ml\/\" target=\"_blank\" rel=\"noopener noreferrer\"><br \/>\n              <img decoding=\"async\" class=\"my-1\" src=\"https:\/\/www.allsbiocosmetics.com\/wp-content\/uploads\/2025\/06\/lavanta-bebek-sampuan-yeni.png\" alt=\"\" \/><br \/>\n            <\/a>\n          <\/td>\n<td width=\"20%\">\n            <a href=\"\/en\/organic-baby-oil-150-ml\/\" target=\"_blank\" rel=\"noopener noreferrer\"><br \/>\n              <img decoding=\"async\" class=\"my-1\" src=\"https:\/\/www.allsbiocosmetics.com\/wp-content\/uploads\/2025\/06\/bebek-yagi-1.png\" alt=\"\" \/><br \/>\n            <\/a>\n          <\/td>\n<\/tr>\n<tr class=\"text-center\">\n<td><\/td>\n<td class=\"p-1 border-left\">\n            <a href=\"\/en\/organic-orange-baby-shampoo-350-ml\/\"><br \/>\n              <strong>Alls Biocosmetics Organik Portakall\u0131 Bebek \u015eampuan\u0131 350 ml<\/strong><br \/>\n            <\/a>\n          <\/td>\n<td class=\"p-1 border-left\">\n            <a href=\"\/en\/organic-stretch-marks-gel-350-ml\/\"><br \/>\n              <strong>Alls Biocosmetics Organik Anti Stretch Mark \u00c7atlak \u00d6nlemeye Yard\u0131mc\u0131 Jel 350 ml<\/strong><br \/>\n            <\/a>\n          <\/td>\n<td class=\"p-1 border-left\">\n            <a href=\"\/en\/organic-baby-shampoo-lavender-350-ml\/\"><br \/>\n              <strong>Alls Biocosmetics Organik Lavantal\u0131 Bebek \u015eampuan\u0131 350 ml <\/strong><br \/>\n            <\/a>\n          <\/td>\n<td class=\"p-1 border-left border-right text-center\">\n            <a href=\"\/en\/organic-baby-oil-150-ml\/\"><br \/>\n              <strong>Alls Biocosmetics Organik Bebek Ya\u011f\u0131 150 ml<\/strong><br \/>\n            <\/a>\n          <\/td>\n<\/tr>\n<tr class=\"text-center\">\n<td class=\"p-1 border fw-bold\">Usage<\/td>\n<td class=\"p-1 border\">\n            <em>Hair &amp; Body<\/em>\n          <\/td>\n<td class=\"p-1 border\">\n            <em>Body<\/em>\n          <\/td>\n<td class=\"p-1 border\">\n            <em>Hair &amp; Body<\/em>\n          <\/td>\n<td class=\"p-1 border text-center\">\n            <em>Body<\/em>\n          <\/td>\n<\/tr>\n<tr class=\"text-center bg-gray\" title=\"bg-gray\">\n<td class=\"p-1 border fw-bold\">\n            <strong>Main Benefits<\/strong>\n          <\/td>\n<td class=\"p-1 border\">Specifically formulated to gently cleanse babies\u2019 hair and body.<\/td>\n<td class=\"p-1 border\">Helps improve skin elasticity, moisturize, and soften the skin.<\/td>\n<td class=\"p-1 border\">Specifically developed to gently cleanse babies\u2019 hair and body..<\/td>\n<td class=\"p-1 border text-center\">Helps nourish and moisturize babies\u2019 skin.<\/td>\n<\/tr>\n<tr class=\"text-center\">\n<td class=\"p-1 border fw-bold\">\n            <strong>Product Ingredients<\/strong>\n          <\/td>\n<td class=\"p-1 border\">Aloe Vera, Orange Oil, Calendula Extract, Inulin, Almond Oil, Vitamin E<\/td>\n<td class=\"p-1 border\">Lady\u2019s Mantle Extract, Horsetail, Onion Extract, Ivy Extract, Centella (Cica) Extract, Aloe Vera<\/td>\n<td class=\"p-1 border\">Aloe Vera, Lavender Oil, Calendula Extract, Inulin, Almond Oil, Vitamin E<\/td>\n<td class=\"p-1 border text-center\">Sweet Almond Oil, Avocado Oil, Lavender Oil, Apricot Kernel Oil, Vitamin E, Calendula Oil<\/td>\n<\/tr>\n<tr class=\"text-center\">\n<td class=\"p-1 border fw-bold\">\n            <strong>Suitable Skin<\/strong>\n          <\/td>\n<td class=\"p-1 border\">All skin types including sensitive skin<\/td>\n<td class=\"p-1 border\">All skin types including sensitive skin<\/td>\n<td class=\"p-1 border\">All skin types including sensitive skin<\/td>\n<td class=\"p-1 border text-center\">All skin types including sensitive skin<\/td>\n<\/tr>\n<tr class=\"text-center\">\n<td class=\"p-1 border fw-bold\">\n            <strong>Product Type<\/strong>\n          <\/td>\n<td class=\"p-1 border\">Organic and Natural<\/td>\n<td class=\"p-1 border\">Organic and Natural<\/td>\n<td class=\"p-1 border\">Organic and Natural<\/td>\n<td class=\"p-1 border text-center\">Organic and Natural<\/td>\n<\/tr>\n<\/tbody>\n<\/table><\/div>\n<\/div>\n","protected":false},"excerpt":{"rendered":"<ul>\n<li>Organic Stretch Mark Prevention Care Oil<\/li>\n<li>Enriched with natural oils,<\/li>\n<li>Helps your skin look soft and smooth.<\/li>\n<li>Suitable for daily use.<\/li>\n<\/ul>\n","protected":false},"featured_media":4088,"template":"","meta":[],"product_brand":[],"product_cat":[127,135],"product_tag":[],"class_list":{"0":"post-4240","1":"product","2":"type-product","3":"status-publish","4":"has-post-thumbnail","6":"product_cat-mom-baby","7":"product_cat-body-care","8":"pa_cilt-tipi-all-skin-types","10":"first","11":"instock","12":"virtual","13":"product-type-simple"},"etheme_brands":{"errors":{"invalid_taxonomy":["Invalid taxonomy."]},"error_data":[]},"_links":{"self":[{"href":"https:\/\/www.allsbiocosmetics.com\/en\/wp-json\/wp\/v2\/product\/4240","targetHints":{"allow":["GET"]}}],"collection":[{"href":"https:\/\/www.allsbiocosmetics.com\/en\/wp-json\/wp\/v2\/product"}],"about":[{"href":"https:\/\/www.allsbiocosmetics.com\/en\/wp-json\/wp\/v2\/types\/product"}],"version-history":[{"count":1,"href":"https:\/\/www.allsbiocosmetics.com\/en\/wp-json\/wp\/v2\/product\/4240\/revisions"}],"predecessor-version":[{"id":4812,"href":"https:\/\/www.allsbiocosmetics.com\/en\/wp-json\/wp\/v2\/product\/4240\/revisions\/4812"}],"wp:featuredmedia":[{"embeddable":true,"href":"https:\/\/www.allsbiocosmetics.com\/en\/wp-json\/wp\/v2\/media\/4088"}],"wp:attachment":[{"href":"https:\/\/www.allsbiocosmetics.com\/en\/wp-json\/wp\/v2\/media?parent=4240"}],"wp:term":[{"taxonomy":"product_brand","embeddable":true,"href":"https:\/\/www.allsbiocosmetics.com\/en\/wp-json\/wp\/v2\/product_brand?post=4240"},{"taxonomy":"product_cat","embeddable":true,"href":"https:\/\/www.allsbiocosmetics.com\/en\/wp-json\/wp\/v2\/product_cat?post=4240"},{"taxonomy":"product_tag","embeddable":true,"href":"https:\/\/www.allsbiocosmetics.com\/en\/wp-json\/wp\/v2\/product_tag?post=4240"}],"curies":[{"name":"wp","href":"https:\/\/api.w.org\/{rel}","templated":true}]}}