{"id":4464,"date":"2025-07-16T14:46:29","date_gmt":"2025-07-16T11:46:29","guid":{"rendered":"https:\/\/www.allsbiocosmetics.com\/?post_type=product&#038;p=4464"},"modified":"2026-01-15T11:31:54","modified_gmt":"2026-01-15T08:31:54","slug":"certified-organic-concentrated-mouthwash-240-ml","status":"publish","type":"product","link":"https:\/\/www.allsbiocosmetics.com\/en\/certified-organic-concentrated-mouthwash-240-ml\/","title":{"rendered":"Certified Organic Concentrated Mouthwash 240 ml"},"content":{"rendered":"<div class=\"row col-12 p-1 text-center mx-auto border-round bg-light\" title=\"bg-light\">\n<div class=\"col-12 col-md-6 my-1 my-md-auto\">\n<div class=\"position-absolute text-left text-md-center\" style=\"top: 30px; left: 30px;\">\n      <img decoding=\"async\" src=\"https:\/\/www.allsbiocosmetics.com\/wp-content\/uploads\/2025\/09\/etko.png\" alt=\"Logo\" class=\"w-50 w-md-75\" \/>\n    <\/div>\n<div class=\"row m-auto justify-content-center position-relative\">\n<div class=\"col-12\">\n        <img decoding=\"async\" src=\"https:\/\/www.allsbiocosmetics.com\/wp-content\/uploads\/2025\/09\/all-logo.png\" alt=\"\" class=\"my-1 text-center\" \/>\n      <\/div>\n<div class=\"col-12 px-1\">\n<h2 class=\"fw-bold fs-1\" style=\"color: #749d91;\">Organic Certified Concentrated <br \/>Mouthwash<\/h2>\n<p class=\"fs-5 mt-1 mb-0 fw-lighter\">An organic mouthwash that provides long-lasting freshness and a <br \/>clean feeling for oral and dental care<\/p>\n<\/p><\/div>\n<div class=\"row px-1 px-lg-2 mx-auto justify-content-center align-items-center mt-md-1\">\n<div class=\"col-4\">\n          <img decoding=\"async\" src=\"https:\/\/www.allsbiocosmetics.com\/wp-content\/uploads\/2025\/09\/aloe-vera.png\" alt=\"\" class=\"my-1\" \/>\n        <\/div>\n<div class=\"col-4\">\n          <img decoding=\"async\" src=\"https:\/\/www.allsbiocosmetics.com\/wp-content\/uploads\/2025\/09\/nane.png\" alt=\"\" class=\"my-1\" \/>\n        <\/div>\n<div class=\"col-4\">\n          <img decoding=\"async\" src=\"https:\/\/www.allsbiocosmetics.com\/wp-content\/uploads\/2025\/09\/aksogut.png\" alt=\"\" class=\"my-1\" \/>\n        <\/div>\n<\/p><\/div>\n<\/p><\/div>\n<\/p><\/div>\n<div class=\"col-12 col-md-6 my-1 my-md-auto\">\n    <img decoding=\"async\" src=\"https:\/\/www.allsbiocosmetics.com\/wp-content\/uploads\/2026\/01\/8684215391744-img-top.png\" alt=\"\" \/>\n  <\/div>\n<\/div>\n<div class=\"row mx-auto px-3 py-1 border-round justify-content-center align-items-center my-2\" style=\"background-color: #406716;\">\n<div class=\"col-3 text-center my-1\">\n    <img decoding=\"async\" src=\"https:\/\/www.allsbiocosmetics.com\/wp-content\/uploads\/2025\/09\/temiz-icerik.png\" alt=\"\" \/>\n  <\/div>\n<div class=\"col-3 text-center my-1\">\n    <img decoding=\"async\" src=\"https:\/\/www.allsbiocosmetics.com\/wp-content\/uploads\/2025\/09\/surdurulebilir-yasam.png\" alt=\"\" \/>\n  <\/div>\n<div class=\"col-3 text-center my-1\">\n    <img decoding=\"async\" src=\"https:\/\/www.allsbiocosmetics.com\/wp-content\/uploads\/2025\/09\/etko-sertifika-c.png\" alt=\"\" \/>\n  <\/div>\n<div class=\"col-3 text-center my-1\">\n    <img decoding=\"async\" src=\"https:\/\/www.allsbiocosmetics.com\/wp-content\/uploads\/2025\/09\/dogal-icerik.png\" alt=\"\" \/>\n  <\/div>\n<\/div>\n<div class=\"row justify-content-center col-12 p-1 mx-auto border-round my-1\" style=\"background-color: #fce4e2;\">\n<div class=\"row col-12 col-md-6 order-2 order-md-1\">\n<div class=\"col-6 mt-auto py-1 text-center\">\n      <img decoding=\"async\" src=\"https:\/\/www.allsbiocosmetics.com\/wp-content\/uploads\/2026\/01\/nane-buyuk.png\" alt=\"\" \/><\/p>\n<h3 class=\"col-12 fs-4 mt-1\" style=\"color: #e2574d;\">Peppermint Water<\/h3>\n<\/p><\/div>\n<div class=\"col-6 mt-auto py-1 text-center\">\n      <img decoding=\"async\" src=\"https:\/\/www.allsbiocosmetics.com\/wp-content\/uploads\/2025\/09\/aloe-vera-buyuk.png\" alt=\"\" \/><\/p>\n<h2 class=\"col-12 fs-4 mt-1\" style=\"color: #e2574d;\">Aloe Vera<\/h2>\n<\/p><\/div>\n<div class=\"col-6 mt-auto py-1 text-center\">\n      <img decoding=\"async\" src=\"https:\/\/www.allsbiocosmetics.com\/wp-content\/uploads\/2025\/09\/aksogut-buyuk.png\" alt=\"\" \/><\/p>\n<h2 class=\"col-12 fs-4 mt-1\" style=\"color: #e2574d;\">White Willow Extract<\/h2>\n<\/p><\/div>\n<\/p><\/div>\n<div class=\"col-12 col-md-6 my-auto order-1 order-md-2\">\n<div class=\"col-12 my-1\">\n      <img decoding=\"async\" src=\"https:\/\/www.allsbiocosmetics.com\/wp-content\/uploads\/2025\/09\/alls-txt.png\" alt=\"\" \/>\n    <\/div>\n<div class=\"col-12\">\n<h3 class=\"fw-bold fs-2 my-1\" style=\"color: #749d91;\">Organic Certified Concentrated Mouthwash<\/h3>\n<p class=\"my-1 fs-4\">Fresh Breath with an Organic Touch! Made with 100% naturally derived and organic certified ingredients, Alls Biocosmetics Concentrated Mouthwash helps complete oral care in areas where toothbrushes cannot reach, while leaving a long-lasting feeling of cleanliness and freshness in the mouth. Its alcohol-free formula containing aloe vera, white willow extract (plant-based salicylic acid), and peppermint water provides gentle yet effective support for daily oral care routines. The refreshing aroma derived from organic essential oils freshens breath and makes oral care more enjoyable.<\/p>\n<\/p><\/div>\n<\/p><\/div>\n<\/div>\n<div class=\"p-1 my-2 bg-light\" title=\"bg-light\">\n<div class=\"row mx-auto justify-content-center align-items-center col-12 my-1\">\n<div class=\"col-12 col-md-6 text-center h-100 py-4\">\n      <img decoding=\"async\" src=\"https:\/\/www.allsbiocosmetics.com\/wp-content\/uploads\/2026\/01\/8684215391744-img-bot-new.png\" class=\"border-round w-100\" \/>\n    <\/div>\n<div class=\"col-12 col-md-6 px-0 px-md-1\">\n<div class=\"col-12 p-1 border-round my-1 bg-gray\" title=\"bg-gray\">\n<div class=\"d-flex align-items-center my-1\">\n          <img decoding=\"async\" src=\"https:\/\/www.allsbiocosmetics.com\/wp-content\/uploads\/2025\/09\/8684215390037-icon-kare-full-siyah.png\" alt=\"D\u00f6k\u00fclme Kar\u015f\u0131t\u0131\" class=\"px-1\" \/><br \/>\n          <span class=\"px-1 px-md-0 fw-bold fs-4 ms-2\">Organic Concentrated Power<\/span>\n        <\/div>\n<p class=\"col-12 my-1 fs-5\">Thanks to its 100% naturally derived formula, it provides effective oral care with a small amount of product. With its organic ingredients, it offers strong yet gentle support for daily routines.<\/p>\n<\/p><\/div>\n<div class=\"col-12 p-1 border-round my-1 bg-gray\" title=\"bg-gray\">\n<div class=\"d-flex align-items-center my-1\">\n          <img decoding=\"async\" src=\"https:\/\/www.allsbiocosmetics.com\/wp-content\/uploads\/2025\/09\/8684215390037-icon-kare-full-siyah.png\" alt=\"Nazik Temizlik\" class=\"px-1\" \/><br \/>\n          <span class=\"px-1 px-md-0 fw-bold fs-4 ms-2\">Effective Cleaning with a Concentrated Formula<\/span>\n        <\/div>\n<p class=\"col-12 my-1 fs-5\">Its concentrated structure ensures effective use with a small amount. Helps complete oral care in areas where toothbrushes cannot reach.<\/p>\n<\/p><\/div>\n<div class=\"col-12 p-1 border-round my-1 bg-gray\" title=\"bg-gray\">\n<div class=\"d-flex align-items-center my-1\">\n          <img decoding=\"async\" src=\"https:\/\/www.allsbiocosmetics.com\/wp-content\/uploads\/2025\/09\/8684215390037-icon-kare-full-siyah.png\" alt=\"Sa\u00e7 G\u00fc\u00e7lendirme\" class=\"px-1\" \/><br \/>\n          <span class=\"px-1 px-md-0 fw-bold fs-4 ms-2\">Fresh Breath with Botanical Actives<\/span>\n        <\/div>\n<p class=\"col-12 my-1 fs-5\">With aloe vera, white willow extract, and peppermint water, it refreshes breath and leaves a long-lasting feeling of cleanliness and freshness in the mouth.<\/p>\n<\/p><\/div>\n<\/p><\/div>\n<\/p><\/div>\n<\/div>\n<div class=\"col-12 text-center my-1\">\n<div style=\"overflow-x: auto;\">\n<table class=\"mx-auto w-100 fs-5\">\n<tbody>\n<tr style=\"text-align: center;\">\n<td><\/td>\n<td width=\"20%\">\n            <a href=\"https:\/\/www.allsbiocosmetics.com\/en\/organic-anti-hairloss-prebiotic-shampoo-350-ml\/\" target=\"_blank\" rel=\"noopener noreferrer\"><br \/>\n              <img decoding=\"async\" src=\"https:\/\/www.allsbiocosmetics.com\/wp-content\/uploads\/2025\/06\/dokulme-karsiti-350-yeni.png\" alt=\"\" class=\"my-1\" \/><br \/>\n            <\/a>\n          <\/td>\n<td width=\"20%\">\n            <a href=\"https:\/\/www.allsbiocosmetics.com\/en\/organic-prebiotic-hair-detangler-spray140-ml\/\" target=\"_blank\" rel=\"noopener noreferrer\"><br \/>\n              <img decoding=\"async\" src=\"https:\/\/www.allsbiocosmetics.com\/wp-content\/uploads\/2025\/06\/sac-acici-yeni.png\" alt=\"\" class=\"my-1\" \/><br \/>\n            <\/a>\n          <\/td>\n<td width=\"20%\">\n            <a href=\"https:\/\/www.allsbiocosmetics.com\/en\/organic-daily-hand-care-cream-50-ml\/\" target=\"_blank\" rel=\"noopener noreferrer\"><br \/>\n              <img decoding=\"async\" src=\"https:\/\/www.allsbiocosmetics.com\/wp-content\/uploads\/2025\/06\/gunluk-el-bakim-kremi.png\" alt=\"\" class=\"my-1\" \/><br \/>\n            <\/a>\n          <\/td>\n<td width=\"20%\">\n            <a href=\"https:\/\/www.allsbiocosmetics.com\/en\/organic-nourishing-prebiotic-hair-conditioner-350-ml\/\" target=\"_blank\" rel=\"noopener noreferrer\"><br \/>\n              <img decoding=\"async\" src=\"https:\/\/www.allsbiocosmetics.com\/wp-content\/uploads\/2025\/06\/besleyici-sac-kremi-yeni.png\" alt=\"\" class=\"my-1\" \/><br \/>\n            <\/a>\n          <\/td>\n<\/tr>\n<tr class=\"text-center\">\n<td><\/td>\n<td class=\"p-1 border-left\">\n            <a href=\"https:\/\/www.allsbiocosmetics.com\/en\/organic-anti-hairloss-prebiotic-shampoo-350-ml\/\"><br \/>\n              <strong>Alls Biocosmetics Organic Anti-Hair Loss Prebiotic Shampoo 350 ml<\/strong><br \/>\n            <\/a>\n          <\/td>\n<td class=\"p-1 border-left\">\n            <a href=\"https:\/\/www.allsbiocosmetics.com\/en\/organic-prebiotic-hair-detangler-spray140-ml\/\"><br \/>\n              <strong>Alls Biocosmetics Organic Prebiotic Easy Combing Hair Detangling Spray 140 ml<\/strong><br \/>\n            <\/a>\n          <\/td>\n<td class=\"p-1 border-left\">\n            <a href=\"https:\/\/www.allsbiocosmetics.com\/en\/organic-daily-hand-care-cream-50-ml\/\"><br \/>\n              <strong>Alls Biocosmetics Organic Daily Hand Care Cream 50 ml<\/strong><br \/>\n            <\/a>\n          <\/td>\n<td class=\"p-1 border-left border-right\">\n            <a href=\"https:\/\/www.allsbiocosmetics.com\/en\/organic-nourishing-prebiotic-hair-conditioner-350-ml\/\"><br \/>\n              <strong>Alls Biocosmetics Organic Nourishing Prebiotic Hair Conditioner 350 ml<\/strong><br \/>\n            <\/a>\n          <\/td>\n<\/tr>\n<tr class=\"text-center\">\n<td class=\"p-1 border fw-bold\">Usage<\/td>\n<td class=\"p-1 border\"><em>Hair<\/em><\/td>\n<td class=\"p-1 border\"><em>Hair<\/em><\/td>\n<td class=\"p-1 border\"><em>Hand<\/em><\/td>\n<td class=\"p-1 border\"><em>Hair<\/em><\/td>\n<\/tr>\n<tr class=\"text-center bg-gray\" title=\"bg-gray\">\n<td class=\"p-1 border fw-bold\"><strong>Main Benefit<\/strong><\/td>\n<td class=\"p-1 border\">Provides anti-hair loss care<\/td>\n<td class=\"p-1 border\">Helps prevent static and frizz<\/td>\n<td class=\"p-1 border\">Helps create a soft, smooth feel on hands<\/td>\n<td class=\"p-1 border\">Nourishes, moisturizes, and softens hair<\/td>\n<\/tr>\n<tr class=\"text-center\">\n<td class=\"p-1 border fw-bold\"><strong>Product Ingredients<\/strong><\/td>\n<td class=\"p-1 border\">Horsetail Extract, Caffeine, Inulin, Jojoba Seed Oil, Chamomile Extract, Ivy Extract<\/td>\n<td class=\"p-1 border\">Aloe Vera, Prebiotic, Calendula Extract, Orange<\/td>\n<td class=\"p-1 border\">Shea Butter, Olive Oil, Sweet Almond Oil, Aloe Vera, Lavender Oil, Geranium Oil<\/td>\n<td class=\"p-1 border\">Horsetail Extract, Caffeine, Inulin, Jojoba Seed Oil, Chamomile Extract, Ivy Extract<\/td>\n<\/tr>\n<tr class=\"text-center\">\n<td class=\"p-1 border fw-bold\"><strong>Suitable Skin \/ Hair Type<\/strong><\/td>\n<td class=\"p-1 border\">All hair types<\/td>\n<td class=\"p-1 border\">All hair types<\/td>\n<td class=\"p-1 border\">All skin types, including sensitive skin<\/td>\n<td class=\"p-1 border\">All hair types<\/td>\n<\/tr>\n<tr class=\"text-center\">\n<td class=\"p-1 border fw-bold\"><strong>Product Type<\/strong><\/td>\n<td class=\"p-1 border\">Organic and Natural<\/td>\n<td class=\"p-1 border\">Organic and Natural<\/td>\n<td class=\"p-1 border\">Organic and Natural<\/td>\n<td class=\"p-1 border\">Organic and Natural<\/td>\n<\/tr>\n<\/tbody>\n<\/table><\/div>\n<\/div>\n","protected":false},"excerpt":{"rendered":"<ul>\n<li data-start=\"119\" data-end=\"201\">\n<p data-start=\"121\" data-end=\"201\">\n      100% naturally derived ingredients, with 23.10% obtained from organic farming.\n    <\/p>\n<\/li>\n<li data-start=\"119\" data-end=\"201\">\n<p data-start=\"121\" data-end=\"201\">\n      Contains active ingredients such as Aloe Vera, White Willow Extract (plant-based salicylic acid), and Peppermint Water.\n    <\/p>\n<\/li>\n<li data-start=\"303\" data-end=\"366\">\n<p data-start=\"305\" data-end=\"366\">\n      Alcohol-free formula that provides natural support for oral and dental care.\n    <\/p>\n<\/li>\n<li data-start=\"367\" data-end=\"440\">\n<p data-start=\"369\" data-end=\"440\">\n      Features a refreshing aroma derived from organic essential oils.\n    <\/p>\n<\/li>\n<\/ul>\n","protected":false},"featured_media":4787,"template":"","meta":[],"product_brand":[],"product_cat":[164],"product_tag":[],"class_list":{"0":"post-4464","1":"product","2":"type-product","3":"status-publish","4":"has-post-thumbnail","6":"product_cat-oral-care","8":"first","9":"instock","10":"virtual","11":"product-type-simple"},"etheme_brands":{"errors":{"invalid_taxonomy":["Invalid taxonomy."]},"error_data":[]},"_links":{"self":[{"href":"https:\/\/www.allsbiocosmetics.com\/en\/wp-json\/wp\/v2\/product\/4464","targetHints":{"allow":["GET"]}}],"collection":[{"href":"https:\/\/www.allsbiocosmetics.com\/en\/wp-json\/wp\/v2\/product"}],"about":[{"href":"https:\/\/www.allsbiocosmetics.com\/en\/wp-json\/wp\/v2\/types\/product"}],"version-history":[{"count":4,"href":"https:\/\/www.allsbiocosmetics.com\/en\/wp-json\/wp\/v2\/product\/4464\/revisions"}],"predecessor-version":[{"id":8444,"href":"https:\/\/www.allsbiocosmetics.com\/en\/wp-json\/wp\/v2\/product\/4464\/revisions\/8444"}],"wp:featuredmedia":[{"embeddable":true,"href":"https:\/\/www.allsbiocosmetics.com\/en\/wp-json\/wp\/v2\/media\/4787"}],"wp:attachment":[{"href":"https:\/\/www.allsbiocosmetics.com\/en\/wp-json\/wp\/v2\/media?parent=4464"}],"wp:term":[{"taxonomy":"product_brand","embeddable":true,"href":"https:\/\/www.allsbiocosmetics.com\/en\/wp-json\/wp\/v2\/product_brand?post=4464"},{"taxonomy":"product_cat","embeddable":true,"href":"https:\/\/www.allsbiocosmetics.com\/en\/wp-json\/wp\/v2\/product_cat?post=4464"},{"taxonomy":"product_tag","embeddable":true,"href":"https:\/\/www.allsbiocosmetics.com\/en\/wp-json\/wp\/v2\/product_tag?post=4464"}],"curies":[{"name":"wp","href":"https:\/\/api.w.org\/{rel}","templated":true}]}}